{"id":797,"date":"2020-10-19T15:24:24","date_gmt":"2020-10-19T13:24:24","guid":{"rendered":"https:\/\/zadducarnet.org\/?page_id=797"},"modified":"2021-01-10T16:16:24","modified_gmt":"2021-01-10T15:16:24","slug":"defense-de-lestuaire","status":"publish","type":"page","link":"https:\/\/zadducarnet.org\/index.php\/accueil\/defense-de-lestuaire\/","title":{"rendered":"D\u00e9fense de l&rsquo;estuaire"},"content":{"rendered":"\n<p>Le site zadducarnet.org est un m\u00e9dia d\u2019expression \u00e0 disponibilit\u00e9 de toute personne ou groupe de personnes qui vivent sur la ZAD : chaque habitant\u00b7e peut \u00e9crire un texte et le proposer. Les publications tendent \u00e0 refl\u00e9ter la diversit\u00e9 des points de vue de la ZAD. Elles ne peuvent pas \u00eatre consid\u00e9r\u00e9es comme l\u2019expression officielle de la ZAD.<\/p>\n\n\n\n\t\t\t<div class=\"wp-block-uagb-post-grid uagb-post-grid  uagb-post__image-position-top uagb-post__image-enabled uagb-block-6970e177     uagb-post__items uagb-post__columns-2 is-grid uagb-post__columns-tablet-2 uagb-post__columns-mobile-1 uagb-post__equal-height\" data-total=\"0\" style=\"\">\n\n\t\t\t\t\t\t\t\t\t<p class=\"uagb-post__no-posts\">\n\t\t\t\t\t\tNo post found!\t\t\t\t\t<\/p>\n\t\t\t\t\t\t\t\t\t\t<div class=\"uagb-post-pagination-wrap\">\n\t\t\t\t\t\t\t\t\t\t\t<\/div>\n\t\t\t\t\t\t\t\t<\/div>\n\t\t\t","protected":false},"excerpt":{"rendered":"<p>Le site zadducarnet.org est un m\u00e9dia d\u2019expression \u00e0 disponibilit\u00e9 de toute personne ou groupe de personnes qui vivent sur la ZAD : chaque habitant\u00b7e peut \u00e9crire un texte et le proposer. Les publications tendent \u00e0 refl\u00e9ter la diversit\u00e9 des points de vue de la ZAD. Elles ne peuvent pas \u00eatre consid\u00e9r\u00e9es comme l\u2019expression officielle de &hellip; <a href=\"https:\/\/zadducarnet.org\/index.php\/accueil\/defense-de-lestuaire\/\" class=\"more-link\">Continuer la lecture de <span class=\"screen-reader-text\">D\u00e9fense de l&rsquo;estuaire<\/span> <span class=\"meta-nav\">&rarr;<\/span><\/a><\/p>\n","protected":false},"author":5,"featured_media":0,"parent":191,"menu_order":0,"comment_status":"closed","ping_status":"closed","template":"","meta":{"_uag_custom_page_level_css":"","_mc_calendar":[],"footnotes":""},"class_list":["post-797","page","type-page","status-publish","hentry"],"uagb_featured_image_src":{"full":false,"thumbnail":false,"medium":false,"medium_large":false,"large":false,"1536x1536":false,"2048x2048":false,"post-thumbnail":false},"uagb_author_info":{"display_name":"zad_du_carnet","author_link":"https:\/\/zadducarnet.org\/index.php\/author\/zad_du_carnet\/"},"uagb_comment_info":0,"uagb_excerpt":"Le site zadducarnet.org est un m\u00e9dia d\u2019expression \u00e0 disponibilit\u00e9 de toute personne ou groupe de personnes qui vivent sur la ZAD : chaque habitant\u00b7e peut \u00e9crire un texte et le proposer. Les publications tendent \u00e0 refl\u00e9ter la diversit\u00e9 des points de vue de la ZAD. Elles ne peuvent pas \u00eatre consid\u00e9r\u00e9es comme l\u2019expression officielle de\u2026","_links":{"self":[{"href":"https:\/\/zadducarnet.org\/index.php\/wp-json\/wp\/v2\/pages\/797","targetHints":{"allow":["GET"]}}],"collection":[{"href":"https:\/\/zadducarnet.org\/index.php\/wp-json\/wp\/v2\/pages"}],"about":[{"href":"https:\/\/zadducarnet.org\/index.php\/wp-json\/wp\/v2\/types\/page"}],"author":[{"embeddable":true,"href":"https:\/\/zadducarnet.org\/index.php\/wp-json\/wp\/v2\/users\/5"}],"replies":[{"embeddable":true,"href":"https:\/\/zadducarnet.org\/index.php\/wp-json\/wp\/v2\/comments?post=797"}],"version-history":[{"count":3,"href":"https:\/\/zadducarnet.org\/index.php\/wp-json\/wp\/v2\/pages\/797\/revisions"}],"predecessor-version":[{"id":1560,"href":"https:\/\/zadducarnet.org\/index.php\/wp-json\/wp\/v2\/pages\/797\/revisions\/1560"}],"up":[{"embeddable":true,"href":"https:\/\/zadducarnet.org\/index.php\/wp-json\/wp\/v2\/pages\/191"}],"wp:attachment":[{"href":"https:\/\/zadducarnet.org\/index.php\/wp-json\/wp\/v2\/media?parent=797"}],"curies":[{"name":"wp","href":"https:\/\/api.w.org\/{rel}","templated":true}]}}