{"id":7,"date":"2020-09-02T17:27:32","date_gmt":"2020-09-02T15:27:32","guid":{"rendered":"http:\/\/zadducarnet.noblogs.org\/?page_id=7"},"modified":"2020-10-12T21:48:25","modified_gmt":"2020-10-12T19:48:25","slug":"ce-que-lon-defend","status":"publish","type":"page","link":"https:\/\/zadducarnet.org\/index.php\/ce-que-lon-defend\/","title":{"rendered":"Ce que l&rsquo;on d\u00e9fend"},"content":{"rendered":"\n<p>Nous d\u00e9fendons cette \u00eele pr\u00e9serv\u00e9e sur les bords de Loire face \u00e0 la b\u00e9tonnisation et \u00e0 l\u2019industrialisation massive. Cette \u00eele m\u00e9rite d\u2019\u00eatre prot\u00e9g\u00e9e pour ce qu\u2019elle est, mais aussi pour la place qu\u2019elle occupe sur l\u2019estuaire de la Loire : dernier corridor \u00e9cologique, espace de vie pour de nombreuses esp\u00e8ces animales et v\u00e9g\u00e9tales.<\/p>\n\n\n\n<p>Au-del\u00e0 de l\u2019int\u00e9r\u00eat sp\u00e9cifique de cette zone naturelle, nous luttons pour mettre en avant d\u2019autres mod\u00e8les de soci\u00e9t\u00e9, plus d\u00e9mocratiques, plus horizontaux, bas\u00e9s sur le respect de tous les \u00eatres humains et de nos espaces de vie.<\/p>\n\n\n\n<p>Respecter le vivant signifie n\u00e9cessairement sortir des logiques productivistes du syst\u00e8me capitaliste, de la logique de croissance perp\u00e9tuelle. Cela signifie repenser nos modes de vie et de consommation vers plus de simplicit\u00e9, mais aussi vers plus de bien-\u00eatre pour tou.te.s.<\/p>\n\n\n\n<p>Poursuivre la b\u00e9tonnisation des espaces naturels, alors que les friches industrielles sont nombreuses, poursuivre le d\u00e9veloppement d\u2019\u00e9nergies bas\u00e9es sur l\u2019extractivisme (terres rares), c\u2019est ne pas prendre en compte que la \u00ab croissance verte \u00bb est une illusion.<\/p>\n\n\n\n<p>Non seulement un autre monde est possible, mais un autre monde existe d\u00e9j\u00e0 !<br>Il prend forme dans les interstices du monde, \u00eelots de libert\u00e9 acquis par la r\u00e9appropriation des terres, des savoirs-faires, des comp\u00e9tences multiples. Ils sont des espaces plus ou moins grands, plus ou moins reli\u00e9s les uns aux autres, o\u00f9 s\u2019invente et se r\u00e9invente au quotidien une vie o\u00f9 chacun.e a sa place et o\u00f9 l\u2019on construit ensemble notre autonomie collective. Il n\u2019existe pas un mod\u00e8le unique, mais au contraire une multiplicit\u00e9 de mani\u00e8res de faire.<\/p>\n\n\n\n<p>Ici, \u00e0 la ZAD du Carnet, nous exp\u00e9rimentons des modes d\u2019organisation non-hi\u00e9rarchiques, d&rsquo;autres mani\u00e8res de vivre et de construire ensemble.<\/p>\n\n\n\n<p>On nous reproche parfois nos modes d\u2019actions. Mais quand nous ne croyons plus en la d\u00e9mocratie, aux institutions, aux m\u00e9dias et en la justice de ce pays, avons-nous d\u2019autres solutions pour stopper les projets destructeurs ?<\/p>\n\n\n\n<p>Il ne s\u2019agit pas de critiquer ni de s\u2019opposer \u00e0 ceux qui y croient encore, \u00e0 ceux qui ont des modes de r\u00e9sistance diff\u00e9rents des n\u00f4tres. Au contraire, nous croyons en la multiplicit\u00e9 des m\u00e9thodes d\u2019actions. C\u2019est tou.te.s ensemble que nous parviendrons \u00e0 atteindre nos objectifs.<\/p>\n\n\n\n<p>Rassemblons-nous, \u00e9changeons, construisons ensemble notre avenir commun !<\/p>\n\n\n\n<hr class=\"wp-block-separator\"\/>\n","protected":false},"excerpt":{"rendered":"<p>Nous d\u00e9fendons cette \u00eele pr\u00e9serv\u00e9e sur les bords de Loire face \u00e0 la b\u00e9tonnisation et \u00e0 l\u2019industrialisation massive. Cette \u00eele m\u00e9rite d\u2019\u00eatre prot\u00e9g\u00e9e pour ce qu\u2019elle est, mais aussi pour la place qu\u2019elle occupe sur l\u2019estuaire de la Loire : dernier corridor \u00e9cologique, espace de vie pour de nombreuses esp\u00e8ces animales et v\u00e9g\u00e9tales. Au-del\u00e0 de &hellip; <a href=\"https:\/\/zadducarnet.org\/index.php\/ce-que-lon-defend\/\" class=\"more-link\">Continuer la lecture de <span class=\"screen-reader-text\">Ce que l&rsquo;on d\u00e9fend<\/span> <span class=\"meta-nav\">&rarr;<\/span><\/a><\/p>\n","protected":false},"author":1,"featured_media":0,"parent":0,"menu_order":0,"comment_status":"closed","ping_status":"closed","template":"","meta":{"_uag_custom_page_level_css":"","_mc_calendar":[],"footnotes":""},"class_list":["post-7","page","type-page","status-publish","hentry"],"uagb_featured_image_src":{"full":false,"thumbnail":false,"medium":false,"medium_large":false,"large":false,"1536x1536":false,"2048x2048":false,"post-thumbnail":false},"uagb_author_info":{"display_name":"zadducarnet","author_link":"https:\/\/zadducarnet.org\/index.php\/author\/admin8203\/"},"uagb_comment_info":0,"uagb_excerpt":"Nous d\u00e9fendons cette \u00eele pr\u00e9serv\u00e9e sur les bords de Loire face \u00e0 la b\u00e9tonnisation et \u00e0 l\u2019industrialisation massive. Cette \u00eele m\u00e9rite d\u2019\u00eatre prot\u00e9g\u00e9e pour ce qu\u2019elle est, mais aussi pour la place qu\u2019elle occupe sur l\u2019estuaire de la Loire : dernier corridor \u00e9cologique, espace de vie pour de nombreuses esp\u00e8ces animales et v\u00e9g\u00e9tales. Au-del\u00e0 de\u2026","_links":{"self":[{"href":"https:\/\/zadducarnet.org\/index.php\/wp-json\/wp\/v2\/pages\/7","targetHints":{"allow":["GET"]}}],"collection":[{"href":"https:\/\/zadducarnet.org\/index.php\/wp-json\/wp\/v2\/pages"}],"about":[{"href":"https:\/\/zadducarnet.org\/index.php\/wp-json\/wp\/v2\/types\/page"}],"author":[{"embeddable":true,"href":"https:\/\/zadducarnet.org\/index.php\/wp-json\/wp\/v2\/users\/1"}],"replies":[{"embeddable":true,"href":"https:\/\/zadducarnet.org\/index.php\/wp-json\/wp\/v2\/comments?post=7"}],"version-history":[{"count":8,"href":"https:\/\/zadducarnet.org\/index.php\/wp-json\/wp\/v2\/pages\/7\/revisions"}],"predecessor-version":[{"id":694,"href":"https:\/\/zadducarnet.org\/index.php\/wp-json\/wp\/v2\/pages\/7\/revisions\/694"}],"wp:attachment":[{"href":"https:\/\/zadducarnet.org\/index.php\/wp-json\/wp\/v2\/media?parent=7"}],"curies":[{"name":"wp","href":"https:\/\/api.w.org\/{rel}","templated":true}]}}