{"id":688,"date":"2020-10-12T17:02:41","date_gmt":"2020-10-12T15:02:41","guid":{"rendered":"https:\/\/zadducarnet.org\/?page_id=688"},"modified":"2020-10-12T17:03:59","modified_gmt":"2020-10-12T15:03:59","slug":"declaration-commune-de-lestuaire-de-la-loire","status":"publish","type":"page","link":"https:\/\/zadducarnet.org\/index.php\/ce-que-lon-defend\/declaration-commune-de-lestuaire-de-la-loire\/","title":{"rendered":"D\u00e9claration commune de l&rsquo;estuaire de la Loire"},"content":{"rendered":"\n<p><em>Cette d\u00e9claration commune est le fruit du travail d\u2019une cinquantaine de personnes rassembl\u00e9es au Village du Peuple (Donges, 44) lors d\u2019une journ\u00e9e &nbsp;d\u2019apprentissage collectif sur les enjeux g\u00e9opolitiques, industriels et \u00e9cologiques autour de l\u2019estuaire de la Loire. Elle a pour objectif de retranscrire toutes les contributions et de les assembler pour donner \u00e0 voir et faire exister les nouveaux imaginaires de lutte qui \u00e9mergent en cette fin d\u2019ann\u00e9e 2020.<\/em><\/p>\n\n\n\n<p><em>Cette version est une premi\u00e8re esquisse de synth\u00e8se, qui appelle des propositions de modification, jusqu\u2019\u00e0 ce qu\u2019elle nous tienne ensemble, dans la diversit\u00e9 de nos luttes.<\/em><\/p>\n\n\n\n<p><strong>Consid\u00e9rant que&nbsp;:<\/strong><\/p>\n\n\n\n<p>\u2013 Les deltas, estuaires, zones humides, combinent une diversit\u00e9 de milieux et comptent parmi les zones les plus fertiles et riches en biodiversit\u00e9 au monde.<\/p>\n\n\n\n<p>\u2013 Depuis quatre si\u00e8cles, les logiques coloniales, productivistes et industrielles ont sculpt\u00e9 ces paysages, ass\u00e9ch\u00e9 les zones humides, fig\u00e9 la Loire et artificialis\u00e9 ses berges.<\/p>\n\n\n\n<p>\u2013 Le Grand Port de Nantes-Saint-Nazaire perp\u00e9tue aujourd\u2019hui l\u2019appropriation de ressources des anciennes colonies&nbsp;: bois d\u2019Afrique, soja et viandes d\u2019Am\u00e9riques du Sud, hydrocarbures<\/p>\n\n\n\n<p>\u2013 Que les am\u00e9nagements r\u00e9cents sont pouss\u00e9s par les int\u00e9r\u00eats financiers d\u2019un cartel industriel et soutenus par des pouvoirs publics qui nient la pollution g\u00e9n\u00e9ralis\u00e9e, m\u00e9prisent le bien-\u00eatre des populations locales, et organisent une d\u00e9sinformation g\u00e9n\u00e9ralis\u00e9e en minimisant par exemple les risques de submersions futures et de catastrophes industrielles.<\/p>\n\n\n\n<p>\u2013 L\u2019industrie des \u00e9nergies renouvelables, nouvelle vitrine verte du Port, se construit sur le m\u00eame mod\u00e8le extractiviste via l\u2019appropriation exponentielle de terres arables, d\u2019\u00e9nergies fossiles, et de mat\u00e9riaux rares, issues principalement des anciennes colonies.<\/p>\n\n\n\n<p>\u2013 Les r\u00e9centes tentatives de communication des b\u00e9tonneurs sur les \u00ab&nbsp;\u00e9nergies vertes&nbsp;\u00bb ou encore leurs discours sur la \u00ab&nbsp;compensation \u00e9cologique&nbsp;\u00bb et le \u00ab&nbsp;z\u00e9ro artificialisation nette&nbsp;\u00bb dissimulent des pratiques d\u2019exploitations toujours aussi toxiques pour les milieux, la poursuite d\u2019une id\u00e9ologie capitaliste et l\u2019exclusion des populations locales des d\u00e9cisions concernant l\u2019am\u00e9nagement de leur territoire.<\/p>\n\n\n\n<p><strong><u><em>Nous d\u00e9clarons:<\/em><\/u><\/strong><\/p>\n\n\n\n<p><strong>Que cet h\u00e9ritage colonial du Port nous r\u00e9volte, comme ses relents toujours pr\u00e9sents sous de nouvelles formes&nbsp;: l\u2019importation de productions industrielles d\u00e9localis\u00e9es qu\u2019elles soient agricoles, foresti\u00e8res ou technologiques, l\u2019exploitation gazi\u00e8re et p\u00e9troli\u00e8re qui constitue les 2\/3 de la mati\u00e8re accostant au port, et l\u2019exploitation mini\u00e8re, qui seraient impossibles sans une alliance entre les Etats au d\u00e9triment des populations exploit\u00e9es dans les anciens pays colonis\u00e9s.<\/strong><\/p>\n\n\n\n<p><strong>Qu\u2019ensemble, nous voulons donc imaginer un territoire d\u00e9barrass\u00e9 de toutes ces activit\u00e9s n\u00e9ocoloniales et inventer collectivement d\u2019autres relations maritimes.<\/strong><\/p>\n\n\n\n<p><strong>Que nous voulons l\u2019arr\u00eat imm\u00e9diat de la b\u00e9tonisation, des importations de soja, gaz de schistes et bois tropicaux, de la fabrication d\u2019engrais de synth\u00e8se. Que nous souhaitons l\u2019arr\u00eat \u00e0 terme des activit\u00e9s gazi\u00e8res &amp; p\u00e9troli\u00e8res.<\/strong><\/p>\n\n\n\n<p><em><u>Nous r\u00eavons:<\/u><\/em><\/p>\n\n\n\n<p>D\u2019une Loire r\u00e9-ensauvag\u00e9e, o\u00f9 les activit\u00e9s humaines s\u2019adaptent plus que ne s\u2019imposent aux m\u00e9andres, vagues et mar\u00e9es. <strong>De berges mouvantes, dynamiques, incontr\u00f4lables<\/strong>, \u00e0 l\u2019image du fleuve, et en opposition aux rives fig\u00e9es, sacralis\u00e9es, d\u00e9vitalis\u00e9es que nous proposent les am\u00e9nageurs.<\/p>\n\n\n\n<p>De porter un autre regard sur les espaces qui nous entourent que celui, anxieux, du gestionnaire dominateur, <strong>de consid\u00e9rer autrement ces milieux<\/strong> que sur la seule base du profit que l\u2019on peut en extraire.<\/p>\n\n\n\n<p>D\u2019une culture fleurissante, d\u2019un foisonnement d\u2019activit\u00e9s artisanales et artistiques. De maisons sur pilotis, <strong>de paquebots touristiques devenus th\u00e9\u00e2tres, r\u00e9sidences universitaires et cantines populaires<\/strong>.<\/p>\n\n\n\n<p>De mieux comprendre, de se relier et de s\u2019int\u00e9grer affectivement aux diff\u00e9rentes zones de l\u2019estuaire.<\/p>\n\n\n\n<p>De reconnaitre les richesses \u00e9cologiques et les abondances naturelles de l\u2019estuaire, de les valoriser gr\u00e2ce \u00e0 des pratiques agricoles et piscicoles nourrici\u00e8res pour les populations locales.<\/p>\n\n\n\n<p>De sortir des grandes villes, de s\u2019organiser en archipel de communes libres, autonomes et r\u00e9silientes.<\/p>\n\n\n\n<p>Nous r\u00eavons de rendre justice au fleuve, et de se battre pour sa libre-\u00e9volution, aux c\u00f4t\u00e9s d\u2019autres esp\u00e8ces animales et v\u00e9g\u00e9tales et \u00e0 bord de radeaux pirates.<\/p>\n\n\n\n<p><strong><em>Nous d\u00e9cidons ensemble, d\u00e8s maintenant&nbsp;:<\/em><\/strong><\/p>\n\n\n\n<p>D\u2019inventer, localement, de nouvelles mani\u00e8res d\u2019habiter l\u2019estuaire, sans subir aucune d\u00e9cision d\u2019am\u00e9nagement venue de Paris, d\u00e9cid\u00e9e dans les couloirs de multinationales.<\/p>\n\n\n\n<p>D\u2019orienter nos \u00e9nergies vers la compr\u00e9hension de toutes les richesses de ces milieux, et de les c\u00f4toyer pour d\u00e9velopper des attachements sensibles \u00e0 nos territoires.<\/p>\n\n\n\n<p>De s\u2019armer de connaissances intimes sur ces \u00e9cosyst\u00e8mes estuariens pour devenir capables de les d\u00e9fendre, d\u2019y puiser des ressources rh\u00e9toriques et th\u00e9oriques mais aussi d\u2019y trouver des cachettes secr\u00e8tes d\u2019o\u00f9 lutter en gu\u00e9rilla, d\u2019en faire des remparts mouvants et des mar\u00e9cages imprenables.<\/p>\n\n\n\n<p>De nous r\u00e9approprier la gestion des for\u00eats, des marais, des prairies, du fleuve et de ses berges. De d\u00e9fendre ces habitats pr\u00e9cieux que sont la Loire et son estuaire, pour la faune et la flore qui s\u2019y \u00e9panouit.<\/p>\n\n\n\n<p>De refuser cette civilisation \u00ab&nbsp;hors-sol&nbsp;\u00bb qui nous est vendue, en s\u2019enracinant sur ces territoires, vivant tels des roseaux et leurs oiseaux au rythme des crues, des r\u00e9coltes et des migrations sauvages.<\/p>\n\n\n\n<p>De d\u00e9centraliser nos luttes pour \u00eatre partout sur l\u2019estuaire, dans une relation de d\u00e9fense-mutuelle.<\/p>\n\n\n\n<p>De d\u00e9coloniser nos imaginaires de lutte pour r\u00e9inventer un nouveau rapport au monde et de nouveaux rapports sociaux \u00e9mancip\u00e9s de toutes formes de dominations et d\u2019oppressions.<\/p>\n\n\n\n<p><strong><u>Face \u00e0 cette poign\u00e9e d\u2019industriels qui nous impose la d\u00e9gradation g\u00e9n\u00e9ralis\u00e9e de nos espaces de vie&nbsp;:<\/u><\/strong><\/p>\n\n\n\n<p><strong>Nous voulons \u00eatre fortEs dans la lutte, tenuEs toustes ensemble dans nos diversit\u00e9s par les rives du m\u00eame fleuve, et nourriEs par ses riches s\u00e9diments.<\/strong><\/p>\n\n\n\n<p><strong>Nous voulons faire valoir nos int\u00e9r\u00eats communs d\u2019\u00eatres vivants fluviaux et terrestres et les d\u00e9fendre ardemment, comme la mar\u00e9e qui toujours revient.<\/strong><\/p>\n\n\n\n<p><strong>Du Carnet \u00e0 Donges, des quartiers de Saint-Nazaire aux fermes paysannes de Lavau, organisons l\u2019auto-d\u00e9fense de l\u2019estuaire&nbsp;!<\/strong><\/p>\n","protected":false},"excerpt":{"rendered":"<p>Cette d\u00e9claration commune est le fruit du travail d\u2019une cinquantaine de personnes rassembl\u00e9es au Village du Peuple (Donges, 44) lors d\u2019une journ\u00e9e &nbsp;d\u2019apprentissage collectif sur les enjeux g\u00e9opolitiques, industriels et \u00e9cologiques autour de l\u2019estuaire de la Loire. Elle a pour objectif de retranscrire toutes les contributions et de les assembler pour donner \u00e0 voir et &hellip; <a href=\"https:\/\/zadducarnet.org\/index.php\/ce-que-lon-defend\/declaration-commune-de-lestuaire-de-la-loire\/\" class=\"more-link\">Continuer la lecture de <span class=\"screen-reader-text\">D\u00e9claration commune de l&rsquo;estuaire de la Loire<\/span> <span class=\"meta-nav\">&rarr;<\/span><\/a><\/p>\n","protected":false},"author":1,"featured_media":0,"parent":7,"menu_order":0,"comment_status":"closed","ping_status":"closed","template":"","meta":{"_uag_custom_page_level_css":"","_mc_calendar":[],"footnotes":""},"class_list":["post-688","page","type-page","status-publish","hentry"],"uagb_featured_image_src":{"full":false,"thumbnail":false,"medium":false,"medium_large":false,"large":false,"1536x1536":false,"2048x2048":false,"post-thumbnail":false},"uagb_author_info":{"display_name":"zadducarnet","author_link":"https:\/\/zadducarnet.org\/index.php\/author\/admin8203\/"},"uagb_comment_info":0,"uagb_excerpt":"Cette d\u00e9claration commune est le fruit du travail d\u2019une cinquantaine de personnes rassembl\u00e9es au Village du Peuple (Donges, 44) lors d\u2019une journ\u00e9e &nbsp;d\u2019apprentissage collectif sur les enjeux g\u00e9opolitiques, industriels et \u00e9cologiques autour de l\u2019estuaire de la Loire. Elle a pour objectif de retranscrire toutes les contributions et de les assembler pour donner \u00e0 voir et\u2026","_links":{"self":[{"href":"https:\/\/zadducarnet.org\/index.php\/wp-json\/wp\/v2\/pages\/688","targetHints":{"allow":["GET"]}}],"collection":[{"href":"https:\/\/zadducarnet.org\/index.php\/wp-json\/wp\/v2\/pages"}],"about":[{"href":"https:\/\/zadducarnet.org\/index.php\/wp-json\/wp\/v2\/types\/page"}],"author":[{"embeddable":true,"href":"https:\/\/zadducarnet.org\/index.php\/wp-json\/wp\/v2\/users\/1"}],"replies":[{"embeddable":true,"href":"https:\/\/zadducarnet.org\/index.php\/wp-json\/wp\/v2\/comments?post=688"}],"version-history":[{"count":1,"href":"https:\/\/zadducarnet.org\/index.php\/wp-json\/wp\/v2\/pages\/688\/revisions"}],"predecessor-version":[{"id":689,"href":"https:\/\/zadducarnet.org\/index.php\/wp-json\/wp\/v2\/pages\/688\/revisions\/689"}],"up":[{"embeddable":true,"href":"https:\/\/zadducarnet.org\/index.php\/wp-json\/wp\/v2\/pages\/7"}],"wp:attachment":[{"href":"https:\/\/zadducarnet.org\/index.php\/wp-json\/wp\/v2\/media?parent=688"}],"curies":[{"name":"wp","href":"https:\/\/api.w.org\/{rel}","templated":true}]}}