{"id":656,"date":"2020-10-11T12:09:05","date_gmt":"2020-10-11T10:09:05","guid":{"rendered":"https:\/\/zadducarnet.org\/?page_id=656"},"modified":"2021-01-10T16:15:37","modified_gmt":"2021-01-10T15:15:37","slug":"carnet-magique","status":"publish","type":"page","link":"https:\/\/zadducarnet.org\/index.php\/accueil\/carnet-magique\/","title":{"rendered":"Carnet magique"},"content":{"rendered":"\n<p>Le site zadducarnet.org est un m\u00e9dia d\u2019expression \u00e0 disponibilit\u00e9 de toute personne ou groupe de personnes qui vivent sur la ZAD : chaque habitant\u00b7e peut \u00e9crire un texte et le proposer. Les publications tendent \u00e0 refl\u00e9ter la diversit\u00e9 des points de vue de la ZAD. Elles ne peuvent pas \u00eatre consid\u00e9r\u00e9es comme l\u2019expression officielle de la ZAD.<\/p>\n\n\n\n<p>Raconter la ZAD, de l&rsquo;int\u00e9rieur : ses ressentis, son quotidien, ses coups, ses coeurs&#8230;<\/p>\n\n\n\n\t\t\t<div class=\"wp-block-uagb-post-masonry uagb-post-grid  uagb-post__image-position-top uagb-post__image-enabled uagb-block-79c5e985     uagb-post__items uagb-post__columns-2 is-masonry uagb-post__columns-tablet-2 uagb-post__columns-mobile-1\" data-total=\"2\" style=\"\">\n\n\t\t\t\t\t\t\t\t\t\t\t\t<article class=\"uagb-post__inner-wrap\">\t\t\t\t\t\t\t\t<h4 class=\"uagb-post__title uagb-post__text\">\n\t\t\t\t<a href=\"https:\/\/zadducarnet.org\/index.php\/2023\/04\/24\/pas-de-titre\/\" target=\"_self\" rel=\"bookmark noopener noreferrer\">Pas de titre<\/a>\n\t\t\t<\/h4>\n\t\t\t\t\t\t<div class='uagb-post__text uagb-post-grid-byline'>\n\t\t\t\t\t\t\t\t<time datetime=\"2023-04-24T09:10:10+02:00\" class=\"uagb-post__date\">\n\t\t\t\t<span class=\"dashicons-calendar dashicons\"><\/span>\t\t\t\t\t24 avril 2023\t\t\t\t<\/time>\n\t\t\t\t\t\t\t<span class=\"uagb-post__comment\">\n\t\t\t\t<span class=\"dashicons-admin-comments dashicons\"><\/span>\t\t\t\t\tAucun commentaire\t\t\t\t<\/span>\n\t\t\t\t\t\t<\/div>\n\t\t\t\t\t\t\t<div class='uagb-post__text uagb-post__excerpt'>\n\t\t\t\t\t<p>V\u2019l\u00e0 plus de 2 ans qu\u2019on s\u2019est fait tej&nbsp;V\u2019l\u00e0 que la nouvelle est tomb\u00e9e&nbsp;S\u00e9rieux, on&#8230;\t\t\t\t<\/div>\n\t\t\t\t\t\t<div class=\"uagb-post__text uagb-post__cta wp-block-button\">\n\t\t\t\t<a class=\"wp-block-button__link uagb-text-link\" style=\"\" href=\"https:\/\/zadducarnet.org\/index.php\/2023\/04\/24\/pas-de-titre\/\" target=\"_self\" rel=\"bookmark noopener noreferrer\">Lire la suite<\/a>\n\t\t\t<\/div>\n\t\t\t\n\t\t\t\t\t\t\t\t\t<\/article>\n\t\t\t\t\t\t\t\t\t\t\t\t\t\t\t\t<article class=\"uagb-post__inner-wrap\">\t\t\t\t\t\t\t\t<h4 class=\"uagb-post__title uagb-post__text\">\n\t\t\t\t<a href=\"https:\/\/zadducarnet.org\/index.php\/2023\/04\/24\/en-marge-dans-les-marecages\/\" target=\"_self\" rel=\"bookmark noopener noreferrer\">en marge dans les mar\u00e9cages<\/a>\n\t\t\t<\/h4>\n\t\t\t\t\t\t<div class='uagb-post__text uagb-post-grid-byline'>\n\t\t\t\t\t\t\t\t<time datetime=\"2023-04-24T08:58:41+02:00\" class=\"uagb-post__date\">\n\t\t\t\t<span class=\"dashicons-calendar dashicons\"><\/span>\t\t\t\t\t24 avril 2023\t\t\t\t<\/time>\n\t\t\t\t\t\t\t<span class=\"uagb-post__comment\">\n\t\t\t\t<span class=\"dashicons-admin-comments dashicons\"><\/span>\t\t\t\t\tAucun commentaire\t\t\t\t<\/span>\n\t\t\t\t\t\t<\/div>\n\t\t\t\t\t\t\t<div class='uagb-post__text uagb-post__excerpt'>\n\t\t\t\t\t<p>Nous sommes tous.tes des enfants du carnet.\u00a0Je suis le b\u00e9b\u00e9 qui d\u00e9couvre un nouveau monde,\u00a0un&#8230;\t\t\t\t<\/div>\n\t\t\t\t\t\t<div class=\"uagb-post__text uagb-post__cta wp-block-button\">\n\t\t\t\t<a class=\"wp-block-button__link uagb-text-link\" style=\"\" href=\"https:\/\/zadducarnet.org\/index.php\/2023\/04\/24\/en-marge-dans-les-marecages\/\" target=\"_self\" rel=\"bookmark noopener noreferrer\">Lire la suite<\/a>\n\t\t\t<\/div>\n\t\t\t\n\t\t\t\t\t\t\t\t\t<\/article>\n\t\t\t\t\t\t\t\t\t\t\t\t\t\t\t\t<article class=\"uagb-post__inner-wrap\">\t\t\t\t\t\t\t\t<h4 class=\"uagb-post__title uagb-post__text\">\n\t\t\t\t<a href=\"https:\/\/zadducarnet.org\/index.php\/2023\/04\/24\/alors-comme-ca-on-a-gagne\/\" target=\"_self\" rel=\"bookmark noopener noreferrer\">Alors comme ca on a gagn\u00e9 ?<\/a>\n\t\t\t<\/h4>\n\t\t\t\t\t\t<div class='uagb-post__text uagb-post-grid-byline'>\n\t\t\t\t\t\t\t\t<time datetime=\"2023-04-24T08:50:03+02:00\" class=\"uagb-post__date\">\n\t\t\t\t<span class=\"dashicons-calendar dashicons\"><\/span>\t\t\t\t\t24 avril 2023\t\t\t\t<\/time>\n\t\t\t\t\t\t\t<span class=\"uagb-post__comment\">\n\t\t\t\t<span class=\"dashicons-admin-comments dashicons\"><\/span>\t\t\t\t\tAucun commentaire\t\t\t\t<\/span>\n\t\t\t\t\t\t<\/div>\n\t\t\t\t\t\t\t<div class='uagb-post__text uagb-post__excerpt'>\n\t\t\t\t\t<p>Les quelques lignes de l&rsquo;articles de Reporterre semblent dures a croire tant les derniers moments&#8230;\t\t\t\t<\/div>\n\t\t\t\t\t\t<div class=\"uagb-post__text uagb-post__cta wp-block-button\">\n\t\t\t\t<a class=\"wp-block-button__link uagb-text-link\" style=\"\" href=\"https:\/\/zadducarnet.org\/index.php\/2023\/04\/24\/alors-comme-ca-on-a-gagne\/\" target=\"_self\" rel=\"bookmark noopener noreferrer\">Lire la suite<\/a>\n\t\t\t<\/div>\n\t\t\t\n\t\t\t\t\t\t\t\t\t<\/article>\n\t\t\t\t\t\t\t\t\t\t\t\t\t\t\t\t<article class=\"uagb-post__inner-wrap\">\t\t\t\t\t\t\t\t<div class='uagb-post__image'>\n\t\t\t\t\t\t\t\t\t<a href=\"https:\/\/zadducarnet.org\/index.php\/2021\/06\/17\/une-brochure-sur-la-vie-au-carnet-le-carnet-du-carnet\/\" target=\"_self\" rel=\"bookmark noopener noreferrer\"><img loading=\"lazy\" decoding=\"async\" width=\"396\" height=\"382\" src=\"https:\/\/zadducarnet.org\/wp-content\/uploads\/2021\/06\/masque.png\" class=\"attachment-large size-large\" alt=\"\" srcset=\"https:\/\/zadducarnet.org\/wp-content\/uploads\/2021\/06\/masque.png 396w, https:\/\/zadducarnet.org\/wp-content\/uploads\/2021\/06\/masque-300x289.png 300w\" sizes=\"auto, (max-width: 396px) 100vw, 396px\" \/>\t\t\t\t\t<\/a>\n\t\t\t\t\t\t\t\t\t<\/div>\n\t\t\t\t\t\t<h4 class=\"uagb-post__title uagb-post__text\">\n\t\t\t\t<a href=\"https:\/\/zadducarnet.org\/index.php\/2021\/06\/17\/une-brochure-sur-la-vie-au-carnet-le-carnet-du-carnet\/\" target=\"_self\" rel=\"bookmark noopener noreferrer\">Une brochure sur la vie au Carnet : Le Carnet du Carnet<\/a>\n\t\t\t<\/h4>\n\t\t\t\t\t\t<div class='uagb-post__text uagb-post-grid-byline'>\n\t\t\t\t\t\t\t\t<time datetime=\"2021-06-17T19:41:49+02:00\" class=\"uagb-post__date\">\n\t\t\t\t<span class=\"dashicons-calendar dashicons\"><\/span>\t\t\t\t\t17 juin 2021\t\t\t\t<\/time>\n\t\t\t\t\t\t\t<span class=\"uagb-post__comment\">\n\t\t\t\t<span class=\"dashicons-admin-comments dashicons\"><\/span>\t\t\t\t\tAucun commentaire\t\t\t\t<\/span>\n\t\t\t\t\t\t<\/div>\n\t\t\t\t\t\t\t<div class='uagb-post__text uagb-post__excerpt'>\n\t\t\t\t\t<p>Il s&rsquo;agit du journal de bord d&rsquo;une personne passant r\u00e9guli\u00e8rement au Carnet entre Septembre 2020&#8230;\t\t\t\t<\/div>\n\t\t\t\t\t\t<div class=\"uagb-post__text uagb-post__cta wp-block-button\">\n\t\t\t\t<a class=\"wp-block-button__link uagb-text-link\" style=\"\" href=\"https:\/\/zadducarnet.org\/index.php\/2021\/06\/17\/une-brochure-sur-la-vie-au-carnet-le-carnet-du-carnet\/\" target=\"_self\" rel=\"bookmark noopener noreferrer\">Lire la suite<\/a>\n\t\t\t<\/div>\n\t\t\t\n\t\t\t\t\t\t\t\t\t<\/article>\n\t\t\t\t\t\t\t\t\t\t\t\t\t\t\t\t<article class=\"uagb-post__inner-wrap\">\t\t\t\t\t\t\t\t<div class='uagb-post__image'>\n\t\t\t\t\t\t\t\t\t<a href=\"https:\/\/zadducarnet.org\/index.php\/2021\/01\/25\/retour-en-photos-du-chantier-collectif-des-23-24-janvier\/\" target=\"_self\" rel=\"bookmark noopener noreferrer\"><img loading=\"lazy\" decoding=\"async\" width=\"604\" height=\"453\" src=\"https:\/\/zadducarnet.org\/wp-content\/uploads\/2021\/01\/Imagechantierco03.cleaned-1024x768.jpg\" class=\"attachment-large size-large\" alt=\"\" srcset=\"https:\/\/zadducarnet.org\/wp-content\/uploads\/2021\/01\/Imagechantierco03.cleaned-1024x768.jpg 1024w, https:\/\/zadducarnet.org\/wp-content\/uploads\/2021\/01\/Imagechantierco03.cleaned-300x225.jpg 300w, https:\/\/zadducarnet.org\/wp-content\/uploads\/2021\/01\/Imagechantierco03.cleaned-768x576.jpg 768w, https:\/\/zadducarnet.org\/wp-content\/uploads\/2021\/01\/Imagechantierco03.cleaned-1536x1152.jpg 1536w, https:\/\/zadducarnet.org\/wp-content\/uploads\/2021\/01\/Imagechantierco03.cleaned-2048x1536.jpg 2048w\" sizes=\"auto, (max-width: 604px) 100vw, 604px\" \/>\t\t\t\t\t<\/a>\n\t\t\t\t\t\t\t\t\t<\/div>\n\t\t\t\t\t\t<h4 class=\"uagb-post__title uagb-post__text\">\n\t\t\t\t<a href=\"https:\/\/zadducarnet.org\/index.php\/2021\/01\/25\/retour-en-photos-du-chantier-collectif-des-23-24-janvier\/\" target=\"_self\" rel=\"bookmark noopener noreferrer\">Retour en photos du chantier collectif des 23-24 janvier<\/a>\n\t\t\t<\/h4>\n\t\t\t\t\t\t<div class='uagb-post__text uagb-post-grid-byline'>\n\t\t\t\t\t\t\t\t<time datetime=\"2021-01-25T19:17:01+01:00\" class=\"uagb-post__date\">\n\t\t\t\t<span class=\"dashicons-calendar dashicons\"><\/span>\t\t\t\t\t25 janvier 2021\t\t\t\t<\/time>\n\t\t\t\t\t\t\t<span class=\"uagb-post__comment\">\n\t\t\t\t<span class=\"dashicons-admin-comments dashicons\"><\/span>\t\t\t\t\tUn commentaire\t\t\t\t<\/span>\n\t\t\t\t\t\t<\/div>\n\t\t\t\t\t\t\t<div class='uagb-post__text uagb-post__excerpt'>\n\t\t\t\t\t<p>Merci \u00e0 toutes les personnes venues sur zone pour visiter, bricoler, cuisiner, dormir, s&rsquo;amuser, etc&#8230;&#8230;\t\t\t\t<\/div>\n\t\t\t\t\t\t<div class=\"uagb-post__text uagb-post__cta wp-block-button\">\n\t\t\t\t<a class=\"wp-block-button__link uagb-text-link\" style=\"\" href=\"https:\/\/zadducarnet.org\/index.php\/2021\/01\/25\/retour-en-photos-du-chantier-collectif-des-23-24-janvier\/\" target=\"_self\" rel=\"bookmark noopener noreferrer\">Lire la suite<\/a>\n\t\t\t<\/div>\n\t\t\t\n\t\t\t\t\t\t\t\t\t<\/article>\n\t\t\t\t\t\t\t\t\t\t\t\t\t\t\t\t<article class=\"uagb-post__inner-wrap\">\t\t\t\t\t\t\t\t<div class='uagb-post__image'>\n\t\t\t\t\t\t\t\t\t<a href=\"https:\/\/zadducarnet.org\/index.php\/2021\/01\/13\/nouveaux-couplets-dans-le-carnet-de-chants\/\" target=\"_self\" rel=\"bookmark noopener noreferrer\"><img loading=\"lazy\" decoding=\"async\" width=\"604\" height=\"534\" src=\"https:\/\/zadducarnet.org\/wp-content\/uploads\/2021\/01\/4.cleanedcarre-1024x905.jpeg\" class=\"attachment-large size-large\" alt=\"\" srcset=\"https:\/\/zadducarnet.org\/wp-content\/uploads\/2021\/01\/4.cleanedcarre-1024x905.jpeg 1024w, https:\/\/zadducarnet.org\/wp-content\/uploads\/2021\/01\/4.cleanedcarre-300x265.jpeg 300w, https:\/\/zadducarnet.org\/wp-content\/uploads\/2021\/01\/4.cleanedcarre-768x679.jpeg 768w, https:\/\/zadducarnet.org\/wp-content\/uploads\/2021\/01\/4.cleanedcarre-1536x1358.jpeg 1536w, https:\/\/zadducarnet.org\/wp-content\/uploads\/2021\/01\/4.cleanedcarre-2048x1811.jpeg 2048w\" sizes=\"auto, (max-width: 604px) 100vw, 604px\" \/>\t\t\t\t\t<\/a>\n\t\t\t\t\t\t\t\t\t<\/div>\n\t\t\t\t\t\t<h4 class=\"uagb-post__title uagb-post__text\">\n\t\t\t\t<a href=\"https:\/\/zadducarnet.org\/index.php\/2021\/01\/13\/nouveaux-couplets-dans-le-carnet-de-chants\/\" target=\"_self\" rel=\"bookmark noopener noreferrer\">Nouveaux couplets dans le carnet de chants !<\/a>\n\t\t\t<\/h4>\n\t\t\t\t\t\t<div class='uagb-post__text uagb-post-grid-byline'>\n\t\t\t\t\t\t\t\t<time datetime=\"2021-01-13T14:59:24+01:00\" class=\"uagb-post__date\">\n\t\t\t\t<span class=\"dashicons-calendar dashicons\"><\/span>\t\t\t\t\t13 janvier 2021\t\t\t\t<\/time>\n\t\t\t\t\t\t\t<span class=\"uagb-post__comment\">\n\t\t\t\t<span class=\"dashicons-admin-comments dashicons\"><\/span>\t\t\t\t\tAucun commentaire\t\t\t\t<\/span>\n\t\t\t\t\t\t<\/div>\n\t\t\t\t\t\t\t<div class='uagb-post__text uagb-post__excerpt'>\n\t\t\t\t\t<p>En direct de la Zad du Carnet, Ne m&rsquo;expulse pas de Yach Braille sur l&rsquo;air&#8230;\t\t\t\t<\/div>\n\t\t\t\t\t\t<div class=\"uagb-post__text uagb-post__cta wp-block-button\">\n\t\t\t\t<a class=\"wp-block-button__link uagb-text-link\" style=\"\" href=\"https:\/\/zadducarnet.org\/index.php\/2021\/01\/13\/nouveaux-couplets-dans-le-carnet-de-chants\/\" target=\"_self\" rel=\"bookmark noopener noreferrer\">Lire la suite<\/a>\n\t\t\t<\/div>\n\t\t\t\n\t\t\t\t\t\t\t\t\t<\/article>\n\t\t\t\t\t\t\t\t\t\t\t\t\t\t\t\t<article class=\"uagb-post__inner-wrap\">\t\t\t\t\t\t\t\t<div class='uagb-post__image'>\n\t\t\t\t\t\t\t\t\t<a href=\"https:\/\/zadducarnet.org\/index.php\/2021\/01\/04\/le-schlag-concept\/\" target=\"_self\" rel=\"bookmark noopener noreferrer\"><img loading=\"lazy\" decoding=\"async\" width=\"604\" height=\"340\" src=\"https:\/\/zadducarnet.org\/wp-content\/uploads\/2021\/01\/8.cleaned-1024x576.jpeg\" class=\"attachment-large size-large\" alt=\"\" srcset=\"https:\/\/zadducarnet.org\/wp-content\/uploads\/2021\/01\/8.cleaned-1024x576.jpeg 1024w, https:\/\/zadducarnet.org\/wp-content\/uploads\/2021\/01\/8.cleaned-300x169.jpeg 300w, https:\/\/zadducarnet.org\/wp-content\/uploads\/2021\/01\/8.cleaned-768x432.jpeg 768w, https:\/\/zadducarnet.org\/wp-content\/uploads\/2021\/01\/8.cleaned-1536x864.jpeg 1536w, https:\/\/zadducarnet.org\/wp-content\/uploads\/2021\/01\/8.cleaned-2048x1152.jpeg 2048w\" sizes=\"auto, (max-width: 604px) 100vw, 604px\" \/>\t\t\t\t\t<\/a>\n\t\t\t\t\t\t\t\t\t<\/div>\n\t\t\t\t\t\t<h4 class=\"uagb-post__title uagb-post__text\">\n\t\t\t\t<a href=\"https:\/\/zadducarnet.org\/index.php\/2021\/01\/04\/le-schlag-concept\/\" target=\"_self\" rel=\"bookmark noopener noreferrer\">Le schlag concept<\/a>\n\t\t\t<\/h4>\n\t\t\t\t\t\t<div class='uagb-post__text uagb-post-grid-byline'>\n\t\t\t\t\t\t\t\t<time datetime=\"2021-01-04T12:37:23+01:00\" class=\"uagb-post__date\">\n\t\t\t\t<span class=\"dashicons-calendar dashicons\"><\/span>\t\t\t\t\t4 janvier 2021\t\t\t\t<\/time>\n\t\t\t\t\t\t\t<span class=\"uagb-post__comment\">\n\t\t\t\t<span class=\"dashicons-admin-comments dashicons\"><\/span>\t\t\t\t\tAucun commentaire\t\t\t\t<\/span>\n\t\t\t\t\t\t<\/div>\n\t\t\t\t\t\t\t<div class='uagb-post__text uagb-post__excerpt'>\n\t\t\t\t\t<p>Certains n&rsquo;y voient qu&rsquo;une preuve de la d\u00e9cadence, la paresse et l&rsquo;encrassement g\u00e9n\u00e9ralis\u00e9 que repr\u00e9sente&#8230;\t\t\t\t<\/div>\n\t\t\t\t\t\t<div class=\"uagb-post__text uagb-post__cta wp-block-button\">\n\t\t\t\t<a class=\"wp-block-button__link uagb-text-link\" style=\"\" href=\"https:\/\/zadducarnet.org\/index.php\/2021\/01\/04\/le-schlag-concept\/\" target=\"_self\" rel=\"bookmark noopener noreferrer\">Lire la suite<\/a>\n\t\t\t<\/div>\n\t\t\t\n\t\t\t\t\t\t\t\t\t<\/article>\n\t\t\t\t\t\t\t\t\t\t\t\t\t\t\t\t<article class=\"uagb-post__inner-wrap\">\t\t\t\t\t\t\t\t<div class='uagb-post__image'>\n\t\t\t\t\t\t\t\t\t<a href=\"https:\/\/zadducarnet.org\/index.php\/2020\/12\/29\/poeme-sur-la-zad\/\" target=\"_self\" rel=\"bookmark noopener noreferrer\"><img loading=\"lazy\" decoding=\"async\" width=\"604\" height=\"611\" src=\"https:\/\/zadducarnet.org\/wp-content\/uploads\/2020\/10\/logozad-1012x1024.png\" class=\"attachment-large size-large\" alt=\"\" srcset=\"https:\/\/zadducarnet.org\/wp-content\/uploads\/2020\/10\/logozad-1012x1024.png 1012w, https:\/\/zadducarnet.org\/wp-content\/uploads\/2020\/10\/logozad-297x300.png 297w, https:\/\/zadducarnet.org\/wp-content\/uploads\/2020\/10\/logozad-768x777.png 768w, https:\/\/zadducarnet.org\/wp-content\/uploads\/2020\/10\/logozad.png 1206w\" sizes=\"auto, (max-width: 604px) 100vw, 604px\" \/>\t\t\t\t\t<\/a>\n\t\t\t\t\t\t\t\t\t<\/div>\n\t\t\t\t\t\t<h4 class=\"uagb-post__title uagb-post__text\">\n\t\t\t\t<a href=\"https:\/\/zadducarnet.org\/index.php\/2020\/12\/29\/poeme-sur-la-zad\/\" target=\"_self\" rel=\"bookmark noopener noreferrer\">Po\u00e8me sur la Zad<\/a>\n\t\t\t<\/h4>\n\t\t\t\t\t\t<div class='uagb-post__text uagb-post-grid-byline'>\n\t\t\t\t\t\t\t\t<time datetime=\"2020-12-29T07:37:20+01:00\" class=\"uagb-post__date\">\n\t\t\t\t<span class=\"dashicons-calendar dashicons\"><\/span>\t\t\t\t\t29 d\u00e9cembre 2020\t\t\t\t<\/time>\n\t\t\t\t\t\t\t<span class=\"uagb-post__comment\">\n\t\t\t\t<span class=\"dashicons-admin-comments dashicons\"><\/span>\t\t\t\t\tAucun commentaire\t\t\t\t<\/span>\n\t\t\t\t\t\t<\/div>\n\t\t\t\t\t\t\t<div class='uagb-post__text uagb-post__excerpt'>\n\t\t\t\t\t<p>Ce po\u00e8me a \u00e9t\u00e9 \u00e9crit par C. qui a pass\u00e9 un court s\u00e9jour \u00e0 la&#8230;\t\t\t\t<\/div>\n\t\t\t\t\t\t<div class=\"uagb-post__text uagb-post__cta wp-block-button\">\n\t\t\t\t<a class=\"wp-block-button__link uagb-text-link\" style=\"\" href=\"https:\/\/zadducarnet.org\/index.php\/2020\/12\/29\/poeme-sur-la-zad\/\" target=\"_self\" rel=\"bookmark noopener noreferrer\">Lire la suite<\/a>\n\t\t\t<\/div>\n\t\t\t\n\t\t\t\t\t\t\t\t\t<\/article>\n\t\t\t\t\t\t\t\t\t\t\t\t\t\t\t\t<article class=\"uagb-post__inner-wrap\">\t\t\t\t\t\t\t\t<div class='uagb-post__image'>\n\t\t\t\t\t\t\t\t\t<a href=\"https:\/\/zadducarnet.org\/index.php\/2020\/12\/15\/des-photos-de-la-tour-champignon\/\" target=\"_self\" rel=\"bookmark noopener noreferrer\"><img loading=\"lazy\" decoding=\"async\" width=\"604\" height=\"340\" src=\"https:\/\/zadducarnet.org\/wp-content\/uploads\/2020\/12\/1607959402717.cleaned-1024x576.jpg\" class=\"attachment-large size-large\" alt=\"\" srcset=\"https:\/\/zadducarnet.org\/wp-content\/uploads\/2020\/12\/1607959402717.cleaned-1024x576.jpg 1024w, https:\/\/zadducarnet.org\/wp-content\/uploads\/2020\/12\/1607959402717.cleaned-300x169.jpg 300w, https:\/\/zadducarnet.org\/wp-content\/uploads\/2020\/12\/1607959402717.cleaned-768x432.jpg 768w, https:\/\/zadducarnet.org\/wp-content\/uploads\/2020\/12\/1607959402717.cleaned-1536x864.jpg 1536w, https:\/\/zadducarnet.org\/wp-content\/uploads\/2020\/12\/1607959402717.cleaned-2048x1152.jpg 2048w\" sizes=\"auto, (max-width: 604px) 100vw, 604px\" \/>\t\t\t\t\t<\/a>\n\t\t\t\t\t\t\t\t\t<\/div>\n\t\t\t\t\t\t<h4 class=\"uagb-post__title uagb-post__text\">\n\t\t\t\t<a href=\"https:\/\/zadducarnet.org\/index.php\/2020\/12\/15\/des-photos-de-la-tour-champignon\/\" target=\"_self\" rel=\"bookmark noopener noreferrer\">Des photos de la tour champignon<\/a>\n\t\t\t<\/h4>\n\t\t\t\t\t\t<div class='uagb-post__text uagb-post-grid-byline'>\n\t\t\t\t\t\t\t\t<time datetime=\"2020-12-15T13:08:56+01:00\" class=\"uagb-post__date\">\n\t\t\t\t<span class=\"dashicons-calendar dashicons\"><\/span>\t\t\t\t\t15 d\u00e9cembre 2020\t\t\t\t<\/time>\n\t\t\t\t\t\t\t<span class=\"uagb-post__comment\">\n\t\t\t\t<span class=\"dashicons-admin-comments dashicons\"><\/span>\t\t\t\t\tUn commentaire\t\t\t\t<\/span>\n\t\t\t\t\t\t<\/div>\n\t\t\t\t\t\t\t<div class='uagb-post__text uagb-post__excerpt'>\n\t\t\t\t\t<p>Une nouvelle construction s&rsquo;est install\u00e9e sur la Zad. Merci \u00e0 toustes celleux qui se sont&#8230;\t\t\t\t<\/div>\n\t\t\t\t\t\t<div class=\"uagb-post__text uagb-post__cta wp-block-button\">\n\t\t\t\t<a class=\"wp-block-button__link uagb-text-link\" style=\"\" href=\"https:\/\/zadducarnet.org\/index.php\/2020\/12\/15\/des-photos-de-la-tour-champignon\/\" target=\"_self\" rel=\"bookmark noopener noreferrer\">Lire la suite<\/a>\n\t\t\t<\/div>\n\t\t\t\n\t\t\t\t\t\t\t\t\t<\/article>\n\t\t\t\t\t\t\t\t\t\t\t\t\t\t\t\t<article class=\"uagb-post__inner-wrap\">\t\t\t\t\t\t\t\t<div class='uagb-post__image'>\n\t\t\t\t\t\t\t\t\t<a href=\"https:\/\/zadducarnet.org\/index.php\/2020\/12\/02\/carnet-musical-2\/\" target=\"_self\" rel=\"bookmark noopener noreferrer\"><img loading=\"lazy\" decoding=\"async\" width=\"604\" height=\"340\" src=\"https:\/\/zadducarnet.org\/wp-content\/uploads\/2020\/12\/signal-2020-12-02-114259-copie-1-1024x576.png\" class=\"attachment-large size-large\" alt=\"\" srcset=\"https:\/\/zadducarnet.org\/wp-content\/uploads\/2020\/12\/signal-2020-12-02-114259-copie-1-1024x576.png 1024w, https:\/\/zadducarnet.org\/wp-content\/uploads\/2020\/12\/signal-2020-12-02-114259-copie-1-300x169.png 300w, https:\/\/zadducarnet.org\/wp-content\/uploads\/2020\/12\/signal-2020-12-02-114259-copie-1-768x432.png 768w, https:\/\/zadducarnet.org\/wp-content\/uploads\/2020\/12\/signal-2020-12-02-114259-copie-1.png 1280w\" sizes=\"auto, (max-width: 604px) 100vw, 604px\" \/>\t\t\t\t\t<\/a>\n\t\t\t\t\t\t\t\t\t<\/div>\n\t\t\t\t\t\t<h4 class=\"uagb-post__title uagb-post__text\">\n\t\t\t\t<a href=\"https:\/\/zadducarnet.org\/index.php\/2020\/12\/02\/carnet-musical-2\/\" target=\"_self\" rel=\"bookmark noopener noreferrer\">Carnet musical #2<\/a>\n\t\t\t<\/h4>\n\t\t\t\t\t\t<div class='uagb-post__text uagb-post-grid-byline'>\n\t\t\t\t\t\t\t\t<time datetime=\"2020-12-02T11:46:20+01:00\" class=\"uagb-post__date\">\n\t\t\t\t<span class=\"dashicons-calendar dashicons\"><\/span>\t\t\t\t\t2 d\u00e9cembre 2020\t\t\t\t<\/time>\n\t\t\t\t\t\t\t<span class=\"uagb-post__comment\">\n\t\t\t\t<span class=\"dashicons-admin-comments dashicons\"><\/span>\t\t\t\t\tAucun commentaire\t\t\t\t<\/span>\n\t\t\t\t\t\t<\/div>\n\t\t\t\t\t\t\t<div class='uagb-post__text uagb-post__excerpt'>\n\t\t\t\t\t<p>Le pain frais craque, l&rsquo;infusion bouillonne, la Loire clapote et les crapules chantent \u00e0 tue-t\u00eate&#8230;\t\t\t\t<\/div>\n\t\t\t\t\t\t<div class=\"uagb-post__text uagb-post__cta wp-block-button\">\n\t\t\t\t<a class=\"wp-block-button__link uagb-text-link\" style=\"\" href=\"https:\/\/zadducarnet.org\/index.php\/2020\/12\/02\/carnet-musical-2\/\" target=\"_self\" rel=\"bookmark noopener noreferrer\">Lire la suite<\/a>\n\t\t\t<\/div>\n\t\t\t\n\t\t\t\t\t\t\t\t\t<\/article>\n\t\t\t\t\t\t\t\t\t\t\t\t\t\t\t<div class=\"uagb-post__load-more-wrap\">\n\t\t\t\t\t\t\t\t<span class=\"uagb-post-pagination-button\">\n\t\t\t\t\t\t\t\t\t<a class=\"uagb-post__load-more\" href=\"javascript:void(0);\">\n\t\t\t\t\t\t\t\t\tPlus d&#039;articles\t\t\t\t\t\t\t\t\t<\/a>\n\t\t\t\t\t\t\t\t<\/span>\n\t\t\t\t\t\t\t<\/div>\n\t\t\t\t\t\t\t\t\t\t<\/div>\n\t\t\t\n\n\n<p><\/p>\n","protected":false},"excerpt":{"rendered":"<p>Le site zadducarnet.org est un m\u00e9dia d\u2019expression \u00e0 disponibilit\u00e9 de toute personne ou groupe de personnes qui vivent sur la ZAD : chaque habitant\u00b7e peut \u00e9crire un texte et le proposer. Les publications tendent \u00e0 refl\u00e9ter la diversit\u00e9 des points de vue de la ZAD. Elles ne peuvent pas \u00eatre consid\u00e9r\u00e9es comme l\u2019expression officielle de &hellip; <a href=\"https:\/\/zadducarnet.org\/index.php\/accueil\/carnet-magique\/\" class=\"more-link\">Continuer la lecture de <span class=\"screen-reader-text\">Carnet magique<\/span> <span class=\"meta-nav\">&rarr;<\/span><\/a><\/p>\n","protected":false},"author":1,"featured_media":0,"parent":191,"menu_order":0,"comment_status":"closed","ping_status":"closed","template":"","meta":{"_uag_custom_page_level_css":"","_mc_calendar":[],"footnotes":""},"class_list":["post-656","page","type-page","status-publish","hentry"],"uagb_featured_image_src":{"full":false,"thumbnail":false,"medium":false,"medium_large":false,"large":false,"1536x1536":false,"2048x2048":false,"post-thumbnail":false},"uagb_author_info":{"display_name":"zadducarnet","author_link":"https:\/\/zadducarnet.org\/index.php\/author\/admin8203\/"},"uagb_comment_info":0,"uagb_excerpt":"Le site zadducarnet.org est un m\u00e9dia d\u2019expression \u00e0 disponibilit\u00e9 de toute personne ou groupe de personnes qui vivent sur la ZAD : chaque habitant\u00b7e peut \u00e9crire un texte et le proposer. Les publications tendent \u00e0 refl\u00e9ter la diversit\u00e9 des points de vue de la ZAD. Elles ne peuvent pas \u00eatre consid\u00e9r\u00e9es comme l\u2019expression officielle de\u2026","_links":{"self":[{"href":"https:\/\/zadducarnet.org\/index.php\/wp-json\/wp\/v2\/pages\/656","targetHints":{"allow":["GET"]}}],"collection":[{"href":"https:\/\/zadducarnet.org\/index.php\/wp-json\/wp\/v2\/pages"}],"about":[{"href":"https:\/\/zadducarnet.org\/index.php\/wp-json\/wp\/v2\/types\/page"}],"author":[{"embeddable":true,"href":"https:\/\/zadducarnet.org\/index.php\/wp-json\/wp\/v2\/users\/1"}],"replies":[{"embeddable":true,"href":"https:\/\/zadducarnet.org\/index.php\/wp-json\/wp\/v2\/comments?post=656"}],"version-history":[{"count":8,"href":"https:\/\/zadducarnet.org\/index.php\/wp-json\/wp\/v2\/pages\/656\/revisions"}],"predecessor-version":[{"id":1542,"href":"https:\/\/zadducarnet.org\/index.php\/wp-json\/wp\/v2\/pages\/656\/revisions\/1542"}],"up":[{"embeddable":true,"href":"https:\/\/zadducarnet.org\/index.php\/wp-json\/wp\/v2\/pages\/191"}],"wp:attachment":[{"href":"https:\/\/zadducarnet.org\/index.php\/wp-json\/wp\/v2\/media?parent=656"}],"curies":[{"name":"wp","href":"https:\/\/api.w.org\/{rel}","templated":true}]}}