{"id":522,"date":"2020-10-05T15:32:43","date_gmt":"2020-10-05T13:32:43","guid":{"rendered":"https:\/\/zadducarnet.org\/?page_id=522"},"modified":"2021-01-20T13:33:18","modified_gmt":"2021-01-20T12:33:18","slug":"groupes-locaux-de-soutien","status":"publish","type":"page","link":"https:\/\/zadducarnet.org\/index.php\/soutenir-la-lutte\/groupes-locaux-de-soutien\/","title":{"rendered":"Groupes locaux de soutien"},"content":{"rendered":"\n<p>Des groupes de soutien locaux existent dans certaines villes. <br>Contactez-les pour plus d\u2019infos. Certaines r\u00e9unions sont indiqu\u00e9es dans <a href=\"https:\/\/zadducarnet.org\/index.php\/accueil\/agenda-groupes-locaux\/\" data-type=\"page\" data-id=\"217\">l&rsquo;Agenda de la ZAD<\/a>&#8230;<\/p>\n\n\n\n<p><strong>\u00cele-de-France<\/strong><br>contact : <a href=\"mailto:collectifsoutiencarnetidf@riseup.net\">collectifsoutiencarnetidf[at]riseup.net<\/a><\/p>\n\n\n\n<p><strong>Nantes<\/strong> <br>Le collectif nantais poste ses rendez-vous sur <a href=\"https:\/\/nantes.indymedia.org\/events\/calendar_month\">l&rsquo;agenda de Nantes Indymedia<\/a>. Ils ont souvent lieu les mercredi soir \u00e0 la Maison du Peuple de Nantes, rue Louis Pr\u00e9aubert.<br>contact : <a href=\"mailto:cnde@riseup.net\">cnde[at]riseup.net<\/a><\/p>\n\n\n\n<p><strong>Saint-Nazaire<\/strong> <br>R\u00e9unions r\u00e9guli\u00e8res (souvent le mercredi soir 19h au local Solidaires \u00e0 l&rsquo;angle de la rue briandais et de la rue du bois savary).<br>contact : <a href=\"mailto:defenseestuaire-stnaz@riseup.net\">defenseestuaire-stnaz[at]riseup.net<\/a><\/p>\n\n\n\n<p><strong>Rouen<\/strong> <br>Un comit\u00e9 de soutien \u00e0 Rouen a \u00e9t\u00e9 cr\u00e9\u00e9.<br>contact : <a href=\"mailto:comitesoutien-rouen@riseup.net\">comitesoutien-rouen[at]riseup.net<\/a>.<\/p>\n\n\n\n<p><strong>Rennes<\/strong> <br>Un comit\u00e9 de soutien \u00e0 Rennes est actif et se r\u00e9unit r\u00e9guli\u00e8rement. <br>contact : <a href=\"mailto:comitecarnetrennes@riseup.net\">comitecarnetrennes[at]riseup.net<\/a><\/p>\n\n\n\n<p>N\u2019h\u00e9sitez pas \u00e0 nous contacter et \u00e0 vous organiser pour cr\u00e9er des groupes locaux pr\u00e8s de chez vous.<\/p>\n","protected":false},"excerpt":{"rendered":"<p>Des groupes de soutien locaux existent dans certaines villes. Contactez-les pour plus d\u2019infos. Certaines r\u00e9unions sont indiqu\u00e9es dans l&rsquo;Agenda de la ZAD&#8230; \u00cele-de-Francecontact : collectifsoutiencarnetidf[at]riseup.net Nantes Le collectif nantais poste ses rendez-vous sur l&rsquo;agenda de Nantes Indymedia. Ils ont souvent lieu les mercredi soir \u00e0 la Maison du Peuple de Nantes, rue Louis Pr\u00e9aubert.contact : &hellip; <a href=\"https:\/\/zadducarnet.org\/index.php\/soutenir-la-lutte\/groupes-locaux-de-soutien\/\" class=\"more-link\">Continuer la lecture de <span class=\"screen-reader-text\">Groupes locaux de soutien<\/span> <span class=\"meta-nav\">&rarr;<\/span><\/a><\/p>\n","protected":false},"author":1,"featured_media":0,"parent":1569,"menu_order":0,"comment_status":"closed","ping_status":"closed","template":"","meta":{"_uag_custom_page_level_css":"","_mc_calendar":[],"footnotes":""},"class_list":["post-522","page","type-page","status-publish","hentry"],"uagb_featured_image_src":{"full":false,"thumbnail":false,"medium":false,"medium_large":false,"large":false,"1536x1536":false,"2048x2048":false,"post-thumbnail":false},"uagb_author_info":{"display_name":"zadducarnet","author_link":"https:\/\/zadducarnet.org\/index.php\/author\/admin8203\/"},"uagb_comment_info":0,"uagb_excerpt":"Des groupes de soutien locaux existent dans certaines villes. Contactez-les pour plus d\u2019infos. Certaines r\u00e9unions sont indiqu\u00e9es dans l&rsquo;Agenda de la ZAD&#8230; \u00cele-de-Francecontact : collectifsoutiencarnetidf[at]riseup.net Nantes Le collectif nantais poste ses rendez-vous sur l&rsquo;agenda de Nantes Indymedia. Ils ont souvent lieu les mercredi soir \u00e0 la Maison du Peuple de Nantes, rue Louis Pr\u00e9aubert.contact :\u2026","_links":{"self":[{"href":"https:\/\/zadducarnet.org\/index.php\/wp-json\/wp\/v2\/pages\/522","targetHints":{"allow":["GET"]}}],"collection":[{"href":"https:\/\/zadducarnet.org\/index.php\/wp-json\/wp\/v2\/pages"}],"about":[{"href":"https:\/\/zadducarnet.org\/index.php\/wp-json\/wp\/v2\/types\/page"}],"author":[{"embeddable":true,"href":"https:\/\/zadducarnet.org\/index.php\/wp-json\/wp\/v2\/users\/1"}],"replies":[{"embeddable":true,"href":"https:\/\/zadducarnet.org\/index.php\/wp-json\/wp\/v2\/comments?post=522"}],"version-history":[{"count":10,"href":"https:\/\/zadducarnet.org\/index.php\/wp-json\/wp\/v2\/pages\/522\/revisions"}],"predecessor-version":[{"id":1705,"href":"https:\/\/zadducarnet.org\/index.php\/wp-json\/wp\/v2\/pages\/522\/revisions\/1705"}],"up":[{"embeddable":true,"href":"https:\/\/zadducarnet.org\/index.php\/wp-json\/wp\/v2\/pages\/1569"}],"wp:attachment":[{"href":"https:\/\/zadducarnet.org\/index.php\/wp-json\/wp\/v2\/media?parent=522"}],"curies":[{"name":"wp","href":"https:\/\/api.w.org\/{rel}","templated":true}]}}