{"id":411,"date":"2020-09-22T19:22:29","date_gmt":"2020-09-22T17:22:29","guid":{"rendered":"https:\/\/zadducarnet.org\/?page_id=411"},"modified":"2021-01-14T14:34:05","modified_gmt":"2021-01-14T13:34:05","slug":"tracts-affiches","status":"publish","type":"page","link":"https:\/\/zadducarnet.org\/index.php\/boite-a-outils\/tracts-affiches\/","title":{"rendered":"Tracts &#8211; Affiches"},"content":{"rendered":"\n<h3 class=\"wp-block-heading\"><strong>Affiches de soutien \u00e0 la ZAD<\/strong><\/h3>\n\n\n\n<div class=\"wp-block-columns is-layout-flex wp-container-core-columns-is-layout-9d6595d7 wp-block-columns-is-layout-flex\">\n<div class=\"wp-block-column is-layout-flow wp-block-column-is-layout-flow\">\n<figure class=\"wp-block-image size-large\"><img loading=\"lazy\" decoding=\"async\" width=\"724\" height=\"1024\" src=\"https:\/\/zadducarnet.org\/wp-content\/uploads\/2020\/10\/signal-2020-09-21-104415-724x1024.png\" alt=\"Affiche de soutien \u00e0 la ZAD du Carnet\" class=\"wp-image-608\" srcset=\"https:\/\/zadducarnet.org\/wp-content\/uploads\/2020\/10\/signal-2020-09-21-104415-724x1024.png 724w, https:\/\/zadducarnet.org\/wp-content\/uploads\/2020\/10\/signal-2020-09-21-104415-212x300.png 212w, https:\/\/zadducarnet.org\/wp-content\/uploads\/2020\/10\/signal-2020-09-21-104415-768x1086.png 768w, https:\/\/zadducarnet.org\/wp-content\/uploads\/2020\/10\/signal-2020-09-21-104415-1086x1536.png 1086w, https:\/\/zadducarnet.org\/wp-content\/uploads\/2020\/10\/signal-2020-09-21-104415-1448x2048.png 1448w, https:\/\/zadducarnet.org\/wp-content\/uploads\/2020\/10\/signal-2020-09-21-104415.png 1587w\" sizes=\"auto, (max-width: 724px) 100vw, 724px\" \/><\/figure>\n\n\n\n<div class=\"wp-block-file\"><a href=\"https:\/\/zadducarnet.org\/wp-content\/uploads\/2020\/10\/signal-2020-09-21-104415.png\" class=\"wp-block-file__button\" download>T\u00e9l\u00e9charger<\/a><\/div>\n<\/div>\n\n\n\n<div class=\"wp-block-column is-layout-flow wp-block-column-is-layout-flow\">\n<div class=\"wp-block-buttons is-layout-flex wp-block-buttons-is-layout-flex\"><\/div>\n<\/div>\n\n\n\n<div class=\"wp-block-column is-layout-flow wp-block-column-is-layout-flow\"><\/div>\n<\/div>\n\n\n\n<p><\/p>\n\n\n\n<h3 class=\"wp-block-heading\"><strong>Tracts d&rsquo;infos<\/strong><\/h3>\n\n\n\n<div class=\"wp-block-columns is-layout-flex wp-container-core-columns-is-layout-9d6595d7 wp-block-columns-is-layout-flex\">\n<div class=\"wp-block-column is-layout-flow wp-block-column-is-layout-flow\">\n<p><strong>Ce que l&rsquo;on d\u00e9fend sur la ZAD<\/strong> (tract \u00e0 imprimer en A4 double page par page recto-verso)<\/p>\n\n\n\n<figure class=\"wp-block-image size-large\"><img loading=\"lazy\" decoding=\"async\" width=\"599\" height=\"821\" src=\"https:\/\/zadducarnet.org\/wp-content\/uploads\/2020\/10\/ce-que-lon-defend.png\" alt=\"\" class=\"wp-image-646\" srcset=\"https:\/\/zadducarnet.org\/wp-content\/uploads\/2020\/10\/ce-que-lon-defend.png 599w, https:\/\/zadducarnet.org\/wp-content\/uploads\/2020\/10\/ce-que-lon-defend-219x300.png 219w\" sizes=\"auto, (max-width: 599px) 100vw, 599px\" \/><\/figure>\n\n\n\n<div class=\"wp-block-file\"><a href=\"https:\/\/zadducarnet.org\/wp-content\/uploads\/2020\/09\/Ce-quon-defend.pdf\" class=\"wp-block-file__button\" download>T\u00e9l\u00e9charger<\/a><\/div>\n<\/div>\n\n\n\n<div class=\"wp-block-column is-layout-flow wp-block-column-is-layout-flow\">\n<p><strong>Contre la b\u00e9tonisation de l&rsquo;\u00eele du Carnet <\/strong>(argumentaire contre le projet) &#8211; A4 recto\/verso<\/p>\n\n\n\n<figure class=\"wp-block-image size-large\"><img loading=\"lazy\" decoding=\"async\" width=\"550\" height=\"787\" src=\"https:\/\/zadducarnet.org\/wp-content\/uploads\/2020\/10\/contre-la-betonisation.png\" alt=\"\" class=\"wp-image-644\" srcset=\"https:\/\/zadducarnet.org\/wp-content\/uploads\/2020\/10\/contre-la-betonisation.png 550w, https:\/\/zadducarnet.org\/wp-content\/uploads\/2020\/10\/contre-la-betonisation-210x300.png 210w\" sizes=\"auto, (max-width: 550px) 100vw, 550px\" \/><\/figure>\n\n\n\n<div class=\"wp-block-file\"><a href=\"https:\/\/zadducarnet.org\/wp-content\/uploads\/2020\/10\/flyer-contre-la-betonisation-du-carnet-v1.3.pdf\" class=\"wp-block-file__button\" download>T\u00e9l\u00e9charger<\/a><\/div>\n<\/div>\n\n\n\n<div class=\"wp-block-column is-layout-flow wp-block-column-is-layout-flow\">\n<p><strong>D\u00e9claration commune de l&rsquo;Estuaire de la Loire <\/strong><br>(A4 Recto\/Verso)<\/p>\n\n\n\n<figure class=\"wp-block-image size-large\"><img loading=\"lazy\" decoding=\"async\" width=\"665\" height=\"955\" src=\"https:\/\/zadducarnet.org\/wp-content\/uploads\/2020\/10\/declaration-commune-estuaire.png\" alt=\"\" class=\"wp-image-781\" srcset=\"https:\/\/zadducarnet.org\/wp-content\/uploads\/2020\/10\/declaration-commune-estuaire.png 665w, https:\/\/zadducarnet.org\/wp-content\/uploads\/2020\/10\/declaration-commune-estuaire-209x300.png 209w\" sizes=\"auto, (max-width: 665px) 100vw, 665px\" \/><\/figure>\n\n\n\n<div class=\"wp-block-file\"><a href=\"https:\/\/zadducarnet.org\/wp-content\/uploads\/2020\/10\/declaration-commune-estuaire.pdf\" class=\"wp-block-file__button\" download>T\u00e9l\u00e9charger<\/a><\/div>\n<\/div>\n<\/div>\n\n\n\n<h3 class=\"wp-block-heading\"><strong>Communiqu\u00e9s<\/strong><\/h3>\n\n\n\n<div class=\"wp-block-columns is-layout-flex wp-container-core-columns-is-layout-9d6595d7 wp-block-columns-is-layout-flex\">\n<div class=\"wp-block-column is-layout-flow wp-block-column-is-layout-flow\">\n<p>Communiqu\u00e9 de presse du 5 septembre : <strong>La Loire, notre zone \u00e0 d\u00e9fendre<\/strong>, 3 pages A4<\/p>\n\n\n\n<figure class=\"wp-block-image size-large\"><img loading=\"lazy\" decoding=\"async\" width=\"667\" height=\"946\" src=\"https:\/\/zadducarnet.org\/wp-content\/uploads\/2020\/10\/communique-visuel.png\" alt=\"\" class=\"wp-image-610\" srcset=\"https:\/\/zadducarnet.org\/wp-content\/uploads\/2020\/10\/communique-visuel.png 667w, https:\/\/zadducarnet.org\/wp-content\/uploads\/2020\/10\/communique-visuel-212x300.png 212w\" sizes=\"auto, (max-width: 667px) 100vw, 667px\" \/><\/figure>\n\n\n\n<div class=\"wp-block-file\"><a href=\"https:\/\/zadducarnet.org\/wp-content\/uploads\/2020\/09\/communique-de-presse-05-09-2020-1.pdf\" class=\"wp-block-file__button\" download>T\u00e9l\u00e9charger<\/a><\/div>\n<\/div>\n\n\n\n<div class=\"wp-block-column is-layout-flow wp-block-column-is-layout-flow\">\n<p><strong>Appel commun \u00e0 rejoindre l&rsquo;estuaire de la Loire <\/strong>(Village du Peuple et ZAD du Carnet)<\/p>\n\n\n\n<figure class=\"wp-block-image size-large\"><img loading=\"lazy\" decoding=\"async\" width=\"573\" height=\"820\" src=\"https:\/\/zadducarnet.org\/wp-content\/uploads\/2020\/10\/appel-esturaire.png\" alt=\"\" class=\"wp-image-641\" srcset=\"https:\/\/zadducarnet.org\/wp-content\/uploads\/2020\/10\/appel-esturaire.png 573w, https:\/\/zadducarnet.org\/wp-content\/uploads\/2020\/10\/appel-esturaire-210x300.png 210w\" sizes=\"auto, (max-width: 573px) 100vw, 573px\" \/><\/figure>\n\n\n\n<div class=\"wp-block-file\"><a href=\"https:\/\/zadducarnet.org\/wp-content\/uploads\/2020\/09\/Appel-a-rejoindre-lestuaire-de-la-loire.pdf\" class=\"wp-block-file__button\" download>T\u00e9l\u00e9charger<\/a><\/div>\n<\/div>\n\n\n\n<div class=\"wp-block-column is-layout-flow wp-block-column-is-layout-flow\">\n<p><strong>Appel \u00e0 soutien aux collectifs copains<\/strong>, tract \u00e0 imprimer en A4 double page par page recto-verso<\/p>\n\n\n\n<div class=\"wp-block-file\"><a href=\"https:\/\/zadducarnet.org\/wp-content\/uploads\/2020\/09\/Appel-aux-collectifs-copains.pdf\" class=\"wp-block-file__button\" download>T\u00e9l\u00e9charger<\/a><\/div>\n<\/div>\n<\/div>\n\n\n\n<h3 class=\"wp-block-heading\"><strong>Logo<\/strong><\/h3>\n\n\n\n<div class=\"wp-block-image\"><figure class=\"alignleft size-large is-resized\"><img loading=\"lazy\" decoding=\"async\" src=\"https:\/\/zadducarnet.org\/wp-content\/uploads\/2020\/10\/logozad-1012x1024.png\" alt=\"\" class=\"wp-image-512\" width=\"253\" height=\"256\" srcset=\"https:\/\/zadducarnet.org\/wp-content\/uploads\/2020\/10\/logozad-1012x1024.png 1012w, https:\/\/zadducarnet.org\/wp-content\/uploads\/2020\/10\/logozad-297x300.png 297w, https:\/\/zadducarnet.org\/wp-content\/uploads\/2020\/10\/logozad-768x777.png 768w, https:\/\/zadducarnet.org\/wp-content\/uploads\/2020\/10\/logozad.png 1206w\" sizes=\"auto, (max-width: 253px) 100vw, 253px\" \/><\/figure><\/div>\n\n\n\n<p><\/p>\n\n\n\n<div class=\"wp-block-file alignfull\"><a href=\"https:\/\/zadducarnet.org\/wp-content\/uploads\/2020\/10\/logozad.png\" class=\"wp-block-file__button\" download>T\u00e9l\u00e9charger<\/a><\/div>\n","protected":false},"excerpt":{"rendered":"<p>Affiches de soutien \u00e0 la ZAD Tracts d&rsquo;infos Ce que l&rsquo;on d\u00e9fend sur la ZAD (tract \u00e0 imprimer en A4 double page par page recto-verso) Contre la b\u00e9tonisation de l&rsquo;\u00eele du Carnet (argumentaire contre le projet) &#8211; A4 recto\/verso D\u00e9claration commune de l&rsquo;Estuaire de la Loire (A4 Recto\/Verso) Communiqu\u00e9s Communiqu\u00e9 de presse du 5 septembre &hellip; <a href=\"https:\/\/zadducarnet.org\/index.php\/boite-a-outils\/tracts-affiches\/\" class=\"more-link\">Continuer la lecture de <span class=\"screen-reader-text\">Tracts &#8211; Affiches<\/span> <span class=\"meta-nav\">&rarr;<\/span><\/a><\/p>\n","protected":false},"author":5,"featured_media":0,"parent":1554,"menu_order":0,"comment_status":"closed","ping_status":"closed","template":"","meta":{"_uag_custom_page_level_css":"","_mc_calendar":[],"footnotes":""},"class_list":["post-411","page","type-page","status-publish","hentry"],"uagb_featured_image_src":{"full":false,"thumbnail":false,"medium":false,"medium_large":false,"large":false,"1536x1536":false,"2048x2048":false,"post-thumbnail":false},"uagb_author_info":{"display_name":"zad_du_carnet","author_link":"https:\/\/zadducarnet.org\/index.php\/author\/zad_du_carnet\/"},"uagb_comment_info":0,"uagb_excerpt":"Affiches de soutien \u00e0 la ZAD Tracts d&rsquo;infos Ce que l&rsquo;on d\u00e9fend sur la ZAD (tract \u00e0 imprimer en A4 double page par page recto-verso) Contre la b\u00e9tonisation de l&rsquo;\u00eele du Carnet (argumentaire contre le projet) &#8211; A4 recto\/verso D\u00e9claration commune de l&rsquo;Estuaire de la Loire (A4 Recto\/Verso) Communiqu\u00e9s Communiqu\u00e9 de presse du 5 septembre\u2026","_links":{"self":[{"href":"https:\/\/zadducarnet.org\/index.php\/wp-json\/wp\/v2\/pages\/411","targetHints":{"allow":["GET"]}}],"collection":[{"href":"https:\/\/zadducarnet.org\/index.php\/wp-json\/wp\/v2\/pages"}],"about":[{"href":"https:\/\/zadducarnet.org\/index.php\/wp-json\/wp\/v2\/types\/page"}],"author":[{"embeddable":true,"href":"https:\/\/zadducarnet.org\/index.php\/wp-json\/wp\/v2\/users\/5"}],"replies":[{"embeddable":true,"href":"https:\/\/zadducarnet.org\/index.php\/wp-json\/wp\/v2\/comments?post=411"}],"version-history":[{"count":16,"href":"https:\/\/zadducarnet.org\/index.php\/wp-json\/wp\/v2\/pages\/411\/revisions"}],"predecessor-version":[{"id":785,"href":"https:\/\/zadducarnet.org\/index.php\/wp-json\/wp\/v2\/pages\/411\/revisions\/785"}],"up":[{"embeddable":true,"href":"https:\/\/zadducarnet.org\/index.php\/wp-json\/wp\/v2\/pages\/1554"}],"wp:attachment":[{"href":"https:\/\/zadducarnet.org\/index.php\/wp-json\/wp\/v2\/media?parent=411"}],"curies":[{"name":"wp","href":"https:\/\/api.w.org\/{rel}","templated":true}]}}