{"id":315,"date":"2020-09-15T23:37:50","date_gmt":"2020-09-15T21:37:50","guid":{"rendered":"https:\/\/zadducarnet.org\/?page_id=315"},"modified":"2021-02-16T17:58:54","modified_gmt":"2021-02-16T16:58:54","slug":"legal-team","status":"publish","type":"page","link":"https:\/\/zadducarnet.org\/index.php\/boite-a-outils\/legal-team\/","title":{"rendered":"Infos juridiques"},"content":{"rendered":"\n<h2 class=\"wp-block-heading\">Conseils pratiques pour se prot\u00e9ger face \u00e0 la r\u00e9pression sp\u00e9cifiques aux expulsions<\/h2>\n\n\n\n<p><strong>Avant de venir<\/strong><\/p>\n\n\n\n<ul class=\"wp-block-list\"><li>v\u00e9rifiez le contenu de vos poches (un couteau peut \u00eatre consid\u00e9r\u00e9 comme une arme) et de votre t\u00e9l\u00e9phone (photos, conversations, mails, historiques GPS),<\/li><li>si vous ne pensez pas en avoir l&rsquo;utilit\u00e9, ne prenez pas votre t\u00e9l\u00e9phone personnel,<\/li><li>r\u00e9fl\u00e9chissez si vous avez envie d&rsquo;avoir vos papiers d&rsquo;identit\u00e9 sur vous ou pas,<\/li><li>apprenez par coeur le num\u00e9ro d&rsquo;un.e proche qui a acc\u00e8s \u00e0 des papiers vous concernant qui pourraient servir de garanties de repr\u00e9sentation (carte d&rsquo;identit\u00e9, attestation d&rsquo;h\u00e9bergement, contrat de travail, attestation p\u00f4le emploi, RSA, etc.). Pr\u00e9venez ce proche et demandez lui d&rsquo;appeler le num\u00e9ro suivant (07 58 76 62 18) s&rsquo;iel apprend que vous \u00eates en garde \u00e0 vue.<\/li><li>apprenez par coeur le num\u00e9ro \u00e0 appeler si vous \u00eates t\u00e9moin d&rsquo;une interpellation : 07 58 76 62 18<\/li><li>pr\u00e9parez vous un sac pour le jour J (v\u00eatements, eau, nourriture, etc.),<\/li><li>regardez une carte de la zone ainsi que de ses environs pour pr\u00e9parer votre arriv\u00e9e.<\/li><\/ul>\n\n\n\n<p><strong>Sur place<\/strong><\/p>\n\n\n\n<ul class=\"wp-block-list\"><li>si vous arrivez seul.e sur place, cherchez un.e bin\u00f4me pour vous organiser ensemble,<\/li><li>rep\u00e9rez les lieux une fois sur place,<\/li><li>ne paniquez pas quand vous voyez les gendarmes,<\/li><li>si vous \u00eates t\u00e9moin d&rsquo;une interpellation, appelez le num\u00e9ro 07 58 76 62 18 et donnez la description physique de la personne interpell\u00e9e ainsi que l&rsquo;heure de l&rsquo;interpellation.<\/li><\/ul>\n\n\n\n<p><strong>Pour aller plus loin,<\/strong><\/p>\n\n\n\n<ul class=\"wp-block-list\"><li>venez vous organiser sur place en amont afin de rencontrer les gens et vous familiariser avec le lieu et choisir ce que vous ferez en cas d&rsquo;expulsion,<\/li><li>consultez la brochure <a href=\"https:\/\/www.nddl-idf.fr\/wp-content\/uploads\/pretes-pour-defendre-print.pdf\">pr\u00eat.es \u00e0 d\u00e9fendre la Zad<\/a> \u00e9crite \u00e0 propos d&rsquo;une expulsion de la Zad de Notre-Dame-des-Landes avec plein de conseils valides aussi dans le cas de l&rsquo;expulsion de la Zad du Carnet.<\/li><\/ul>\n\n\n\n<h2 class=\"wp-block-heading\">Infos juridiques g\u00e9n\u00e9rales<\/h2>\n\n\n\n<p>Afin de se d\u00e9fendre collectivement face aux attaques polici\u00e8res et judiciaires contre la zad et les zadistes, une legal team s&rsquo;est form\u00e9e.<\/p>\n\n\n\n<p>N&rsquo;h\u00e9sitez pas \u00e0 nous contacter \u00e0 legal_carnet [at] riseup.net pour toutes questions.<\/p>\n\n\n\n<p>Si vous avez re\u00e7u une amende en allant sur zone, nous pr\u00e9parons une d\u00e9fense collective. Pour obtenir notre aide, n&rsquo;h\u00e9sitez pas \u00e0 nous envoyer une photo\/un scan de votre contravention et de votre contestation si vous avez d\u00e9j\u00e0 contest\u00e9 votre amende \u00e0 notre adresse mail. Pour plus d&rsquo;infos sur les amendes, nous avions publi\u00e9 <a href=\"https:\/\/zadducarnet.org\/index.php\/venir-nous-rejoindre\/amendes-pour-les-voitures-allant-sur-zone\/\">un article d\u00e9di\u00e9 \u00e0 cela.<\/a><\/p>\n\n\n\n<p>La legal team conseille d&rsquo;enlever la carte SIM de son t\u00e9l\u00e9phone quand on est sur zone et qu&rsquo;on en a pas besoin. Si vous \u00eates de passage quelques jours, \u00e9vitez de borner sur la Zad et prot\u00e9gez votre anonymat ! Pour plus d&rsquo;informations sur l&rsquo;importance de l&rsquo;anonymat, nous avons publi\u00e9 <a href=\"https:\/\/zadducarnet.org\/index.php\/2020\/12\/12\/lanonymat-nous-protege-toustes-relativement\/\">un article sur le sujet<\/a>.<\/p>\n\n\n\n<p>Pour vous renseigner sur l&rsquo;auto-d\u00e9fense juridique, nous vous conseillons entre autres ressources :<\/p>\n\n\n\n<ul class=\"wp-block-list\"><li>le <a href=\"https:\/\/zadducarnet.org\/index.php\/2020\/12\/12\/quiz-juridique-de-la-zad-du-carnet\/\">quiz juridique de la Zad du Carnet<\/a> que nous avons \u00e9crit,<\/li><li>le <a href=\"https:\/\/zadducarnet.org\/index.php\/2021\/01\/10\/guide-de-survie\/\">guide de survie en protection num\u00e9rique<\/a> que nous avons \u00e9crit,<\/li><li>une <a href=\"https:\/\/zadducarnet.org\/wp-content\/uploads\/2021\/01\/infos-legales-ZAD-v3.pdf\">affiche pour se pr\u00e9parer \u00e0 la garde \u00e0 vue<\/a> (pdf) que nous avons faite,<\/li><li>le manuel de survie en garde \u00e0 vue : <a rel=\"noreferrer noopener\" href=\"https:\/\/infokiosques.net\/lire.php?id_article=1582\" target=\"_blank\">https:\/\/infokiosques.net\/lire.php?id_article=1582<\/a><\/li><li>les ressources sur le site R\u00e9seau d&rsquo;Autod\u00e9fense Juridique Collectique : <a rel=\"noreferrer noopener\" href=\"https:\/\/rajcollective.noblogs.org\/\" target=\"_blank\">https:\/\/rajcollective.noblogs.org<\/a><\/li><li>le livre \u00ab\u00a0Face \u00e0 la police, Face \u00e0 la justice\u00a0\u00bb : <a rel=\"noreferrer noopener\" href=\"https:\/\/infokiosques.net\/spip.php?article538\" target=\"_blank\">https:\/\/infokiosques.net\/spip.php?article538<\/a><\/li><\/ul>\n\n\n\n<figure class=\"wp-block-image size-large\"><img loading=\"lazy\" decoding=\"async\" width=\"632\" height=\"1024\" src=\"https:\/\/zadducarnet.org\/wp-content\/uploads\/2021\/01\/infos-legales-ZAD-v3-632x1024.png\" alt=\"\" class=\"wp-image-1658\" srcset=\"https:\/\/zadducarnet.org\/wp-content\/uploads\/2021\/01\/infos-legales-ZAD-v3-632x1024.png 632w, https:\/\/zadducarnet.org\/wp-content\/uploads\/2021\/01\/infos-legales-ZAD-v3-185x300.png 185w, https:\/\/zadducarnet.org\/wp-content\/uploads\/2021\/01\/infos-legales-ZAD-v3-768x1244.png 768w, https:\/\/zadducarnet.org\/wp-content\/uploads\/2021\/01\/infos-legales-ZAD-v3.png 826w\" sizes=\"auto, (max-width: 632px) 100vw, 632px\" \/><\/figure>\n","protected":false},"excerpt":{"rendered":"<p>Conseils pratiques pour se prot\u00e9ger face \u00e0 la r\u00e9pression sp\u00e9cifiques aux expulsions Avant de venir v\u00e9rifiez le contenu de vos poches (un couteau peut \u00eatre consid\u00e9r\u00e9 comme une arme) et de votre t\u00e9l\u00e9phone (photos, conversations, mails, historiques GPS), si vous ne pensez pas en avoir l&rsquo;utilit\u00e9, ne prenez pas votre t\u00e9l\u00e9phone personnel, r\u00e9fl\u00e9chissez si vous &hellip; <a href=\"https:\/\/zadducarnet.org\/index.php\/boite-a-outils\/legal-team\/\" class=\"more-link\">Continuer la lecture de <span class=\"screen-reader-text\">Infos juridiques<\/span> <span class=\"meta-nav\">&rarr;<\/span><\/a><\/p>\n","protected":false},"author":2,"featured_media":0,"parent":1554,"menu_order":0,"comment_status":"closed","ping_status":"closed","template":"","meta":{"_uag_custom_page_level_css":"","_mc_calendar":[],"footnotes":""},"class_list":["post-315","page","type-page","status-publish","hentry"],"uagb_featured_image_src":{"full":false,"thumbnail":false,"medium":false,"medium_large":false,"large":false,"1536x1536":false,"2048x2048":false,"post-thumbnail":false},"uagb_author_info":{"display_name":"zadducarnet","author_link":"https:\/\/zadducarnet.org\/index.php\/author\/zadducarnet\/"},"uagb_comment_info":0,"uagb_excerpt":"Conseils pratiques pour se prot\u00e9ger face \u00e0 la r\u00e9pression sp\u00e9cifiques aux expulsions Avant de venir v\u00e9rifiez le contenu de vos poches (un couteau peut \u00eatre consid\u00e9r\u00e9 comme une arme) et de votre t\u00e9l\u00e9phone (photos, conversations, mails, historiques GPS), si vous ne pensez pas en avoir l&rsquo;utilit\u00e9, ne prenez pas votre t\u00e9l\u00e9phone personnel, r\u00e9fl\u00e9chissez si vous\u2026","_links":{"self":[{"href":"https:\/\/zadducarnet.org\/index.php\/wp-json\/wp\/v2\/pages\/315","targetHints":{"allow":["GET"]}}],"collection":[{"href":"https:\/\/zadducarnet.org\/index.php\/wp-json\/wp\/v2\/pages"}],"about":[{"href":"https:\/\/zadducarnet.org\/index.php\/wp-json\/wp\/v2\/types\/page"}],"author":[{"embeddable":true,"href":"https:\/\/zadducarnet.org\/index.php\/wp-json\/wp\/v2\/users\/2"}],"replies":[{"embeddable":true,"href":"https:\/\/zadducarnet.org\/index.php\/wp-json\/wp\/v2\/comments?post=315"}],"version-history":[{"count":10,"href":"https:\/\/zadducarnet.org\/index.php\/wp-json\/wp\/v2\/pages\/315\/revisions"}],"predecessor-version":[{"id":1879,"href":"https:\/\/zadducarnet.org\/index.php\/wp-json\/wp\/v2\/pages\/315\/revisions\/1879"}],"up":[{"embeddable":true,"href":"https:\/\/zadducarnet.org\/index.php\/wp-json\/wp\/v2\/pages\/1554"}],"wp:attachment":[{"href":"https:\/\/zadducarnet.org\/index.php\/wp-json\/wp\/v2\/media?parent=315"}],"curies":[{"name":"wp","href":"https:\/\/api.w.org\/{rel}","templated":true}]}}