{"id":1554,"date":"2021-01-10T20:41:59","date_gmt":"2021-01-10T19:41:59","guid":{"rendered":"https:\/\/zadducarnet.org\/?page_id=1554"},"modified":"2021-02-18T16:49:56","modified_gmt":"2021-02-18T15:49:56","slug":"boite-a-outils","status":"publish","type":"page","link":"https:\/\/zadducarnet.org\/index.php\/boite-a-outils\/","title":{"rendered":"Bo\u00eete \u00e0 outils"},"content":{"rendered":"\n<p><strong>Tracts et affiches<\/strong><\/p>\n\n\n\n<div class=\"wp-block-file\"><a href=\"https:\/\/zadducarnet.org\/wp-content\/uploads\/2021\/02\/soutexp_v2.pdf\">Tract alerte expulsion Zad du Carnet<\/a><a href=\"https:\/\/zadducarnet.org\/wp-content\/uploads\/2021\/02\/soutexp_v2.pdf\" class=\"wp-block-file__button\" download>T\u00e9l\u00e9charger<\/a><\/div>\n\n\n\n<div class=\"wp-block-file\"><a href=\"https:\/\/zadducarnet.org\/wp-content\/uploads\/2021\/02\/Ce-quon-defend.pdf\">Ce que l&rsquo;on d\u00e9fend<\/a><a href=\"https:\/\/zadducarnet.org\/wp-content\/uploads\/2021\/02\/Ce-quon-defend.pdf\" class=\"wp-block-file__button\" download>T\u00e9l\u00e9charger<\/a><\/div>\n\n\n\n<div class=\"wp-block-file\"><a href=\"https:\/\/zadducarnet.org\/wp-content\/uploads\/2021\/02\/flyer-contre-la-betonisation-du-carnet-v1.3.pdf\">Contre la b\u00e9tonisation de l&rsquo;\u00eele du Carnet<\/a><a href=\"https:\/\/zadducarnet.org\/wp-content\/uploads\/2021\/02\/flyer-contre-la-betonisation-du-carnet-v1.3.pdf\" class=\"wp-block-file__button\" download>T\u00e9l\u00e9charger<\/a><\/div>\n\n\n\n<div class=\"wp-block-file\"><a href=\"https:\/\/zadducarnet.org\/wp-content\/uploads\/2021\/02\/declaration-commune-estuaire.pdf\">D\u00e9claration commune de l&rsquo;estuaire de la Loire<\/a><a href=\"https:\/\/zadducarnet.org\/wp-content\/uploads\/2021\/02\/declaration-commune-estuaire.pdf\" class=\"wp-block-file__button\" download>T\u00e9l\u00e9charger<\/a><\/div>\n\n\n\n<p><strong>Brochures<\/strong><\/p>\n\n\n\n<p><a href=\"https:\/\/zadducarnet.org\/index.php\/2021\/01\/10\/guide-de-survie\/\">Guide de survie en protection num\u00e9rique<\/a><\/p>\n\n\n\n<p><a href=\"https:\/\/zadducarnet.org\/index.php\/2021\/01\/27\/arguments-projet-industriel-du-carnet\/\">Arguments contre le projet industriel du Carnet<\/a><\/p>\n\n\n\n<p><strong>Affiche<\/strong><\/p>\n\n\n\n<figure class=\"wp-block-image size-large\"><img loading=\"lazy\" decoding=\"async\" width=\"724\" height=\"1024\" src=\"https:\/\/zadducarnet.org\/wp-content\/uploads\/2021\/02\/signal-2020-09-21-104415-1-724x1024.png\" alt=\"\" class=\"wp-image-2012\" srcset=\"https:\/\/zadducarnet.org\/wp-content\/uploads\/2021\/02\/signal-2020-09-21-104415-1-724x1024.png 724w, https:\/\/zadducarnet.org\/wp-content\/uploads\/2021\/02\/signal-2020-09-21-104415-1-212x300.png 212w, https:\/\/zadducarnet.org\/wp-content\/uploads\/2021\/02\/signal-2020-09-21-104415-1-768x1086.png 768w, https:\/\/zadducarnet.org\/wp-content\/uploads\/2021\/02\/signal-2020-09-21-104415-1-1086x1536.png 1086w, https:\/\/zadducarnet.org\/wp-content\/uploads\/2021\/02\/signal-2020-09-21-104415-1-1448x2048.png 1448w, https:\/\/zadducarnet.org\/wp-content\/uploads\/2021\/02\/signal-2020-09-21-104415-1.png 1587w\" sizes=\"auto, (max-width: 724px) 100vw, 724px\" \/><\/figure>\n\n\n\n<div class=\"wp-block-file\"><a href=\"https:\/\/zadducarnet.org\/wp-content\/uploads\/2021\/02\/signal-2020-09-21-104415.png\">Affiche de soutien \u00e0 la Zad<\/a><a href=\"https:\/\/zadducarnet.org\/wp-content\/uploads\/2021\/02\/signal-2020-09-21-104415.png\" class=\"wp-block-file__button\" download>T\u00e9l\u00e9charger<\/a><\/div>\n\n\n\n<p><strong>Logo de la Zad<\/strong><\/p>\n\n\n\n<p><\/p>\n\n\n\n<div class=\"wp-block-file\"><a href=\"https:\/\/zadducarnet.org\/wp-content\/uploads\/2021\/02\/logozad-1012x1024-1.png\">logozad-1012&#215;1024-1<\/a><a href=\"https:\/\/zadducarnet.org\/wp-content\/uploads\/2021\/02\/logozad-1012x1024-1.png\" class=\"wp-block-file__button\" download>T\u00e9l\u00e9charger<\/a><\/div>\n\n\n\n<p><strong>Antirep<\/strong><\/p>\n\n\n\n<ul class=\"wp-block-list\"><li>le <a href=\"https:\/\/zadducarnet.org\/index.php\/2020\/12\/12\/quiz-juridique-de-la-zad-du-carnet\/\">quiz juridique de la Zad du Carnet<\/a> que nous avons \u00e9crit,<\/li><li>le <a href=\"https:\/\/zadducarnet.org\/index.php\/2021\/01\/10\/guide-de-survie\/\">guide de survie en protection num\u00e9rique<\/a> que nous avons \u00e9crit,<\/li><li>une <a href=\"https:\/\/zadducarnet.org\/wp-content\/uploads\/2021\/01\/infos-legales-ZAD-v3.pdf\">affiche pour se pr\u00e9parer \u00e0 la garde \u00e0 vue<\/a> (pdf) que nous avons faite,<\/li><li>le manuel de survie en garde \u00e0 vue : <a rel=\"noreferrer noopener\" href=\"https:\/\/infokiosques.net\/lire.php?id_article=1582\" target=\"_blank\">https:\/\/infokiosques.net\/lire.php?id_article=1582<\/a><\/li><li>les ressources sur le site R\u00e9seau d\u2019Autod\u00e9fense Juridique Collectique : <a rel=\"noreferrer noopener\" href=\"https:\/\/rajcollective.noblogs.org\/\" target=\"_blank\">https:\/\/rajcollective.noblogs.org<\/a><\/li><li>le livre \u201cFace \u00e0 la police, Face \u00e0 la justice\u201d : <a rel=\"noreferrer noopener\" href=\"https:\/\/infokiosques.net\/spip.php?article538\" target=\"_blank\">https:\/\/infokiosques.net\/spip.php?article538<\/a><\/li><\/ul>\n\n\n\n<div class=\"wp-block-file\"><a href=\"https:\/\/zadducarnet.org\/wp-content\/uploads\/2021\/02\/infos-legales-ZAD-v3-632x1024-1.png\">Affiche A3 infos l\u00e9gales<\/a><a href=\"https:\/\/zadducarnet.org\/wp-content\/uploads\/2021\/02\/infos-legales-ZAD-v3-632x1024-1.png\" class=\"wp-block-file__button\" download>T\u00e9l\u00e9charger<\/a><\/div>\n","protected":false},"excerpt":{"rendered":"<p>Tracts et affiches Brochures Guide de survie en protection num\u00e9rique Arguments contre le projet industriel du Carnet Affiche Logo de la Zad Antirep le quiz juridique de la Zad du Carnet que nous avons \u00e9crit, le guide de survie en protection num\u00e9rique que nous avons \u00e9crit, une affiche pour se pr\u00e9parer \u00e0 la garde \u00e0 &hellip; <a href=\"https:\/\/zadducarnet.org\/index.php\/boite-a-outils\/\" class=\"more-link\">Continuer la lecture de <span class=\"screen-reader-text\">Bo\u00eete \u00e0 outils<\/span> <span class=\"meta-nav\">&rarr;<\/span><\/a><\/p>\n","protected":false},"author":5,"featured_media":0,"parent":0,"menu_order":0,"comment_status":"closed","ping_status":"closed","template":"","meta":{"_uag_custom_page_level_css":"","_mc_calendar":[],"footnotes":""},"class_list":["post-1554","page","type-page","status-publish","hentry"],"uagb_featured_image_src":{"full":false,"thumbnail":false,"medium":false,"medium_large":false,"large":false,"1536x1536":false,"2048x2048":false,"post-thumbnail":false},"uagb_author_info":{"display_name":"zad_du_carnet","author_link":"https:\/\/zadducarnet.org\/index.php\/author\/zad_du_carnet\/"},"uagb_comment_info":0,"uagb_excerpt":"Tracts et affiches Brochures Guide de survie en protection num\u00e9rique Arguments contre le projet industriel du Carnet Affiche Logo de la Zad Antirep le quiz juridique de la Zad du Carnet que nous avons \u00e9crit, le guide de survie en protection num\u00e9rique que nous avons \u00e9crit, une affiche pour se pr\u00e9parer \u00e0 la garde \u00e0\u2026","_links":{"self":[{"href":"https:\/\/zadducarnet.org\/index.php\/wp-json\/wp\/v2\/pages\/1554","targetHints":{"allow":["GET"]}}],"collection":[{"href":"https:\/\/zadducarnet.org\/index.php\/wp-json\/wp\/v2\/pages"}],"about":[{"href":"https:\/\/zadducarnet.org\/index.php\/wp-json\/wp\/v2\/types\/page"}],"author":[{"embeddable":true,"href":"https:\/\/zadducarnet.org\/index.php\/wp-json\/wp\/v2\/users\/5"}],"replies":[{"embeddable":true,"href":"https:\/\/zadducarnet.org\/index.php\/wp-json\/wp\/v2\/comments?post=1554"}],"version-history":[{"count":6,"href":"https:\/\/zadducarnet.org\/index.php\/wp-json\/wp\/v2\/pages\/1554\/revisions"}],"predecessor-version":[{"id":2017,"href":"https:\/\/zadducarnet.org\/index.php\/wp-json\/wp\/v2\/pages\/1554\/revisions\/2017"}],"wp:attachment":[{"href":"https:\/\/zadducarnet.org\/index.php\/wp-json\/wp\/v2\/media?parent=1554"}],"curies":[{"name":"wp","href":"https:\/\/api.w.org\/{rel}","templated":true}]}}