{"id":1545,"date":"2021-01-10T20:35:39","date_gmt":"2021-01-10T19:35:39","guid":{"rendered":"https:\/\/zadducarnet.org\/?page_id=1545"},"modified":"2021-01-14T14:32:50","modified_gmt":"2021-01-14T13:32:50","slug":"luttes-amies","status":"publish","type":"page","link":"https:\/\/zadducarnet.org\/index.php\/nouvelles-du-carnet\/luttes-amies\/","title":{"rendered":"Luttes amies"},"content":{"rendered":"\n\t\t\t<div class=\"wp-block-uagb-post-grid uagb-post-grid  uagb-post__image-position-top uagb-post__image-enabled uagb-block-ede8f349     uagb-post__items uagb-post__columns-2 is-grid uagb-post__columns-tablet-2 uagb-post__columns-mobile-1 uagb-post__equal-height\" data-total=\"6\" style=\"\">\n\n\t\t\t\t\t\t\t\t\t\t\t\t<article class=\"uagb-post__inner-wrap\">\t\t\t\t\t\t\t\t<div class='uagb-post__image'>\n\t\t\t\t\t\t\t\t\t<a href=\"https:\/\/zadducarnet.org\/index.php\/2021\/11\/28\/communique-de-la-zap-zone-a-patates-de-pertuis-84\/\" target=\"_self\" rel=\"bookmark noopener noreferrer\" class='uagb-image-ratio-inherit'><img loading=\"lazy\" decoding=\"async\" width=\"604\" height=\"340\" src=\"https:\/\/zadducarnet.org\/wp-content\/uploads\/2021\/11\/zap-pertuis.jpg\" class=\"attachment-large size-large\" alt=\"\" srcset=\"https:\/\/zadducarnet.org\/wp-content\/uploads\/2021\/11\/zap-pertuis.jpg 700w, https:\/\/zadducarnet.org\/wp-content\/uploads\/2021\/11\/zap-pertuis-300x169.jpg 300w\" sizes=\"auto, (max-width: 604px) 100vw, 604px\" \/>\t\t\t\t\t<\/a>\n\t\t\t\t\t\t\t<\/div>\n\t\t\t\t\t\t<h4 class=\"uagb-post__title uagb-post__text\">\n\t\t\t\t<a href=\"https:\/\/zadducarnet.org\/index.php\/2021\/11\/28\/communique-de-la-zap-zone-a-patates-de-pertuis-84\/\" target=\"_self\" rel=\"bookmark noopener noreferrer\">Communiqu\u00e9 de la ZAP (Zone \u00e0 patates) de Pertuis (84)<\/a>\n\t\t\t<\/h4>\n\t\t\t\t\t\t<div class='uagb-post__text uagb-post-grid-byline'>\n\t\t\t\t\t\t\t\t<time datetime=\"2021-11-28T19:30:07+01:00\" class=\"uagb-post__date\">\n\t\t\t\t<span class=\"dashicons-calendar dashicons\"><\/span>\t\t\t\t\t28 novembre 2021\t\t\t\t<\/time>\n\t\t\t\t\t\t\t<span class=\"uagb-post__comment\">\n\t\t\t\t<span class=\"dashicons-admin-comments dashicons\"><\/span>\t\t\t\t\tAucun commentaire\t\t\t\t<\/span>\n\t\t\t\t\t\t<\/div>\n\t\t\t\t\t\t\t<div class='uagb-post__text uagb-post__excerpt'>\n\t\t\t\t\t<p>L\u2019extension de la Zone d\u2019activit\u00e9 commerciale de Pertuis (84) menace les terres agricoles avoisinantes, ainsi&#8230;\t\t\t\t<\/div>\n\t\t\t\t\t\t<div class=\"uagb-post__text uagb-post__cta wp-block-button\">\n\t\t\t\t<a class=\"wp-block-button__link uagb-text-link\" style=\"\" href=\"https:\/\/zadducarnet.org\/index.php\/2021\/11\/28\/communique-de-la-zap-zone-a-patates-de-pertuis-84\/\" target=\"_self\" rel=\"bookmark noopener noreferrer\">Lire la suite<\/a>\n\t\t\t<\/div>\n\t\t\t\n\t\t\t\t\t\t\t\t\t<\/article>\n\t\t\t\t\t\t\t\t\t\t\t\t\t\t\t\t<article class=\"uagb-post__inner-wrap\">\t\t\t\t\t\t\t\t<div class='uagb-post__image'>\n\t\t\t\t\t\t\t\t\t<a href=\"https:\/\/zadducarnet.org\/index.php\/2021\/11\/05\/la-zad-du-lien-expulsee\/\" target=\"_self\" rel=\"bookmark noopener noreferrer\" class='uagb-image-ratio-inherit'><img loading=\"lazy\" decoding=\"async\" width=\"300\" height=\"225\" src=\"https:\/\/zadducarnet.org\/wp-content\/uploads\/2021\/11\/2021-11-04_Montpellier_ZADduLIEN-resistance-300x225-1.jpg\" class=\"attachment-large size-large\" alt=\"\" \/>\t\t\t\t\t<\/a>\n\t\t\t\t\t\t\t<\/div>\n\t\t\t\t\t\t<h4 class=\"uagb-post__title uagb-post__text\">\n\t\t\t\t<a href=\"https:\/\/zadducarnet.org\/index.php\/2021\/11\/05\/la-zad-du-lien-expulsee\/\" target=\"_self\" rel=\"bookmark noopener noreferrer\">La Zad du LIEN expuls\u00e9e<\/a>\n\t\t\t<\/h4>\n\t\t\t\t\t\t<div class='uagb-post__text uagb-post-grid-byline'>\n\t\t\t\t\t\t\t\t<time datetime=\"2021-11-05T12:03:19+01:00\" class=\"uagb-post__date\">\n\t\t\t\t<span class=\"dashicons-calendar dashicons\"><\/span>\t\t\t\t\t5 novembre 2021\t\t\t\t<\/time>\n\t\t\t\t\t\t\t<span class=\"uagb-post__comment\">\n\t\t\t\t<span class=\"dashicons-admin-comments dashicons\"><\/span>\t\t\t\t\tAucun commentaire\t\t\t\t<\/span>\n\t\t\t\t\t\t<\/div>\n\t\t\t\t\t\t\t<div class='uagb-post__text uagb-post__excerpt'>\n\t\t\t\t\t<p>Squat.net et midi libre annoncent l&rsquo;expulsion de la zad du LIEN ce jeudi 4 novembre&#8230;.\t\t\t\t<\/div>\n\t\t\t\t\t\t<div class=\"uagb-post__text uagb-post__cta wp-block-button\">\n\t\t\t\t<a class=\"wp-block-button__link uagb-text-link\" style=\"\" href=\"https:\/\/zadducarnet.org\/index.php\/2021\/11\/05\/la-zad-du-lien-expulsee\/\" target=\"_self\" rel=\"bookmark noopener noreferrer\">Lire la suite<\/a>\n\t\t\t<\/div>\n\t\t\t\n\t\t\t\t\t\t\t\t\t<\/article>\n\t\t\t\t\t\t\t\t\t\t\t\t\t\t\t\t<article class=\"uagb-post__inner-wrap\">\t\t\t\t\t\t\t\t<div class='uagb-post__image'>\n\t\t\t\t\t\t\t\t\t<a href=\"https:\/\/zadducarnet.org\/index.php\/2021\/11\/03\/des-nouvelles-de-la-zad-de-mazaugues\/\" target=\"_self\" rel=\"bookmark noopener noreferrer\" class='uagb-image-ratio-inherit'><img loading=\"lazy\" decoding=\"async\" width=\"604\" height=\"553\" src=\"https:\/\/zadducarnet.org\/wp-content\/uploads\/2021\/11\/logo.jpg\" class=\"attachment-large size-large\" alt=\"\" srcset=\"https:\/\/zadducarnet.org\/wp-content\/uploads\/2021\/11\/logo.jpg 1024w, https:\/\/zadducarnet.org\/wp-content\/uploads\/2021\/11\/logo-300x275.jpg 300w, https:\/\/zadducarnet.org\/wp-content\/uploads\/2021\/11\/logo-768x704.jpg 768w\" sizes=\"auto, (max-width: 604px) 100vw, 604px\" \/>\t\t\t\t\t<\/a>\n\t\t\t\t\t\t\t<\/div>\n\t\t\t\t\t\t<h4 class=\"uagb-post__title uagb-post__text\">\n\t\t\t\t<a href=\"https:\/\/zadducarnet.org\/index.php\/2021\/11\/03\/des-nouvelles-de-la-zad-de-mazaugues\/\" target=\"_self\" rel=\"bookmark noopener noreferrer\">Des nouvelles de la ZAD de Mazaugues<\/a>\n\t\t\t<\/h4>\n\t\t\t\t\t\t<div class='uagb-post__text uagb-post-grid-byline'>\n\t\t\t\t\t\t\t\t<time datetime=\"2021-11-03T00:10:22+01:00\" class=\"uagb-post__date\">\n\t\t\t\t<span class=\"dashicons-calendar dashicons\"><\/span>\t\t\t\t\t3 novembre 2021\t\t\t\t<\/time>\n\t\t\t\t\t\t\t<span class=\"uagb-post__comment\">\n\t\t\t\t<span class=\"dashicons-admin-comments dashicons\"><\/span>\t\t\t\t\tAucun commentaire\t\t\t\t<\/span>\n\t\t\t\t\t\t<\/div>\n\t\t\t\t\t\t\t<div class='uagb-post__text uagb-post__excerpt'>\n\t\t\t\t\t<p>En juin dernier, les \u00ab&nbsp;humain.es de la mine&nbsp;\u00bb de Mazaugues (83) se sont fait conna\u00eetre&#8230;\t\t\t\t<\/div>\n\t\t\t\t\t\t<div class=\"uagb-post__text uagb-post__cta wp-block-button\">\n\t\t\t\t<a class=\"wp-block-button__link uagb-text-link\" style=\"\" href=\"https:\/\/zadducarnet.org\/index.php\/2021\/11\/03\/des-nouvelles-de-la-zad-de-mazaugues\/\" target=\"_self\" rel=\"bookmark noopener noreferrer\">Lire la suite<\/a>\n\t\t\t<\/div>\n\t\t\t\n\t\t\t\t\t\t\t\t\t<\/article>\n\t\t\t\t\t\t\t\t\t\t\t\t\t\t\t\t<article class=\"uagb-post__inner-wrap\">\t\t\t\t\t\t\t\t<div class='uagb-post__image'>\n\t\t\t\t\t\t\t\t\t<a href=\"https:\/\/zadducarnet.org\/index.php\/2021\/09\/27\/une-zad-en-allemagne-appelle-a-soutien\/\" target=\"_self\" rel=\"bookmark noopener noreferrer\" class='uagb-image-ratio-inherit'><img loading=\"lazy\" decoding=\"async\" width=\"559\" height=\"526\" src=\"https:\/\/zadducarnet.org\/wp-content\/uploads\/2021\/09\/Logo_ZAD_Rhineland.png\" class=\"attachment-large size-large\" alt=\"\" srcset=\"https:\/\/zadducarnet.org\/wp-content\/uploads\/2021\/09\/Logo_ZAD_Rhineland.png 559w, https:\/\/zadducarnet.org\/wp-content\/uploads\/2021\/09\/Logo_ZAD_Rhineland-300x282.png 300w\" sizes=\"auto, (max-width: 559px) 100vw, 559px\" \/>\t\t\t\t\t<\/a>\n\t\t\t\t\t\t\t<\/div>\n\t\t\t\t\t\t<h4 class=\"uagb-post__title uagb-post__text\">\n\t\t\t\t<a href=\"https:\/\/zadducarnet.org\/index.php\/2021\/09\/27\/une-zad-en-allemagne-appelle-a-soutien\/\" target=\"_self\" rel=\"bookmark noopener noreferrer\">Une Zad en Allemagne appelle \u00e0 soutien<\/a>\n\t\t\t<\/h4>\n\t\t\t\t\t\t<div class='uagb-post__text uagb-post-grid-byline'>\n\t\t\t\t\t\t\t\t<time datetime=\"2021-09-27T18:13:59+02:00\" class=\"uagb-post__date\">\n\t\t\t\t<span class=\"dashicons-calendar dashicons\"><\/span>\t\t\t\t\t27 septembre 2021\t\t\t\t<\/time>\n\t\t\t\t\t\t\t<span class=\"uagb-post__comment\">\n\t\t\t\t<span class=\"dashicons-admin-comments dashicons\"><\/span>\t\t\t\t\tAucun commentaire\t\t\t\t<\/span>\n\t\t\t\t\t\t<\/div>\n\t\t\t\t\t\t\t<div class='uagb-post__text uagb-post__excerpt'>\n\t\t\t\t\t<p>Le village de L\u00fctzerath en Rh\u00e9nanie est menac\u00e9 de destruction par l\u2019accroissement de la mine&#8230;\t\t\t\t<\/div>\n\t\t\t\t\t\t<div class=\"uagb-post__text uagb-post__cta wp-block-button\">\n\t\t\t\t<a class=\"wp-block-button__link uagb-text-link\" style=\"\" href=\"https:\/\/zadducarnet.org\/index.php\/2021\/09\/27\/une-zad-en-allemagne-appelle-a-soutien\/\" target=\"_self\" rel=\"bookmark noopener noreferrer\">Lire la suite<\/a>\n\t\t\t<\/div>\n\t\t\t\n\t\t\t\t\t\t\t\t\t<\/article>\n\t\t\t\t\t\t\t\t\t\t\t\t\t\t\t\t<article class=\"uagb-post__inner-wrap\">\t\t\t\t\t\t\t\t<div class='uagb-post__image'>\n\t\t\t\t\t\t\t\t\t<a href=\"https:\/\/zadducarnet.org\/index.php\/2021\/09\/04\/quand-nddl-se-prend-pour-le-petit-pere-des-luttes-entre-recuperation-et-autoritarisme\/\" target=\"_self\" rel=\"bookmark noopener noreferrer\" class='uagb-image-ratio-inherit'><img loading=\"lazy\" decoding=\"async\" width=\"604\" height=\"393\" src=\"https:\/\/zadducarnet.org\/wp-content\/uploads\/2021\/09\/Reseau-1024x666.jpg\" class=\"attachment-large size-large\" alt=\"\" srcset=\"https:\/\/zadducarnet.org\/wp-content\/uploads\/2021\/09\/Reseau-1024x666.jpg 1024w, https:\/\/zadducarnet.org\/wp-content\/uploads\/2021\/09\/Reseau-300x195.jpg 300w, https:\/\/zadducarnet.org\/wp-content\/uploads\/2021\/09\/Reseau-768x499.jpg 768w, https:\/\/zadducarnet.org\/wp-content\/uploads\/2021\/09\/Reseau.jpg 1200w\" sizes=\"auto, (max-width: 604px) 100vw, 604px\" \/>\t\t\t\t\t<\/a>\n\t\t\t\t\t\t\t<\/div>\n\t\t\t\t\t\t<h4 class=\"uagb-post__title uagb-post__text\">\n\t\t\t\t<a href=\"https:\/\/zadducarnet.org\/index.php\/2021\/09\/04\/quand-nddl-se-prend-pour-le-petit-pere-des-luttes-entre-recuperation-et-autoritarisme\/\" target=\"_self\" rel=\"bookmark noopener noreferrer\">Quand NDDL se prend pour le petit p\u00e8re des luttes &#8211; Entre r\u00e9cup\u00e9ration et autoritarisme<\/a>\n\t\t\t<\/h4>\n\t\t\t\t\t\t<div class='uagb-post__text uagb-post-grid-byline'>\n\t\t\t\t\t\t\t\t<time datetime=\"2021-09-04T21:08:34+02:00\" class=\"uagb-post__date\">\n\t\t\t\t<span class=\"dashicons-calendar dashicons\"><\/span>\t\t\t\t\t4 septembre 2021\t\t\t\t<\/time>\n\t\t\t\t\t\t\t<span class=\"uagb-post__comment\">\n\t\t\t\t<span class=\"dashicons-admin-comments dashicons\"><\/span>\t\t\t\t\tUn commentaire\t\t\t\t<\/span>\n\t\t\t\t\t\t<\/div>\n\t\t\t\t\t\t\t<div class='uagb-post__text uagb-post__excerpt'>\n\t\t\t\t\t<p>Ce texte est une r\u00e9ponse collective de la part de personnes ayant lutt\u00e9 \u00e0 la&#8230;\t\t\t\t<\/div>\n\t\t\t\t\t\t<div class=\"uagb-post__text uagb-post__cta wp-block-button\">\n\t\t\t\t<a class=\"wp-block-button__link uagb-text-link\" style=\"\" href=\"https:\/\/zadducarnet.org\/index.php\/2021\/09\/04\/quand-nddl-se-prend-pour-le-petit-pere-des-luttes-entre-recuperation-et-autoritarisme\/\" target=\"_self\" rel=\"bookmark noopener noreferrer\">Lire la suite<\/a>\n\t\t\t<\/div>\n\t\t\t\n\t\t\t\t\t\t\t\t\t<\/article>\n\t\t\t\t\t\t\t\t\t\t\t\t\t\t\t\t<article class=\"uagb-post__inner-wrap\">\t\t\t\t\t\t\t\t<div class='uagb-post__image'>\n\t\t\t\t\t\t\t\t\t<a href=\"https:\/\/zadducarnet.org\/index.php\/2021\/08\/07\/sos-stocamine-betonnage-imminent-pour-un-heritage-empoisonne\/\" target=\"_self\" rel=\"bookmark noopener noreferrer\" class='uagb-image-ratio-inherit'><img loading=\"lazy\" decoding=\"async\" width=\"604\" height=\"401\" src=\"https:\/\/zadducarnet.org\/wp-content\/uploads\/2021\/08\/signal-2021-08-06-164938-1024x679.jpeg\" class=\"attachment-large size-large\" alt=\"\" srcset=\"https:\/\/zadducarnet.org\/wp-content\/uploads\/2021\/08\/signal-2021-08-06-164938-1024x679.jpeg 1024w, https:\/\/zadducarnet.org\/wp-content\/uploads\/2021\/08\/signal-2021-08-06-164938-300x199.jpeg 300w, https:\/\/zadducarnet.org\/wp-content\/uploads\/2021\/08\/signal-2021-08-06-164938-768x509.jpeg 768w, https:\/\/zadducarnet.org\/wp-content\/uploads\/2021\/08\/signal-2021-08-06-164938-1536x1018.jpeg 1536w, https:\/\/zadducarnet.org\/wp-content\/uploads\/2021\/08\/signal-2021-08-06-164938.jpeg 2048w\" sizes=\"auto, (max-width: 604px) 100vw, 604px\" \/>\t\t\t\t\t<\/a>\n\t\t\t\t\t\t\t<\/div>\n\t\t\t\t\t\t<h4 class=\"uagb-post__title uagb-post__text\">\n\t\t\t\t<a href=\"https:\/\/zadducarnet.org\/index.php\/2021\/08\/07\/sos-stocamine-betonnage-imminent-pour-un-heritage-empoisonne\/\" target=\"_self\" rel=\"bookmark noopener noreferrer\">SOS Stocamine &#8211; B\u00e9tonnage imminent pour un h\u00e9ritage empoisonn\u00e9 !<\/a>\n\t\t\t<\/h4>\n\t\t\t\t\t\t<div class='uagb-post__text uagb-post-grid-byline'>\n\t\t\t\t\t\t\t\t<time datetime=\"2021-08-07T12:17:26+02:00\" class=\"uagb-post__date\">\n\t\t\t\t<span class=\"dashicons-calendar dashicons\"><\/span>\t\t\t\t\t7 ao\u00fbt 2021\t\t\t\t<\/time>\n\t\t\t\t\t\t\t<span class=\"uagb-post__comment\">\n\t\t\t\t<span class=\"dashicons-admin-comments dashicons\"><\/span>\t\t\t\t\tAucun commentaire\t\t\t\t<\/span>\n\t\t\t\t\t\t<\/div>\n\t\t\t\t\t\t\t<div class='uagb-post__text uagb-post__excerpt'>\n\t\t\t\t\t<p>Dans le sud de l&rsquo;Alsace, \u00e0 Wittelsheim pr\u00e8s de Mulhouse, 44000 tonnes de d\u00e9chets toxiques&#8230;\t\t\t\t<\/div>\n\t\t\t\t\t\t<div class=\"uagb-post__text uagb-post__cta wp-block-button\">\n\t\t\t\t<a class=\"wp-block-button__link uagb-text-link\" style=\"\" href=\"https:\/\/zadducarnet.org\/index.php\/2021\/08\/07\/sos-stocamine-betonnage-imminent-pour-un-heritage-empoisonne\/\" target=\"_self\" rel=\"bookmark noopener noreferrer\">Lire la suite<\/a>\n\t\t\t<\/div>\n\t\t\t\n\t\t\t\t\t\t\t\t\t<\/article>\n\t\t\t\t\t\t\t\t\t\t\t\t\t<div class=\"uagb-post-pagination-wrap\">\n\t\t\t\t\t\t<span aria-current=\"page\" class=\"page-numbers current\">1<\/span>\n<a class=\"page-numbers\" href=\"https:\/\/zadducarnet.org\/index.php\/wp-json\/wp\/v2\/pages\/1545\/page\/2\/\">2<\/a>\n<a class=\"page-numbers\" href=\"https:\/\/zadducarnet.org\/index.php\/wp-json\/wp\/v2\/pages\/1545\/page\/3\/\">3<\/a>\n<a class=\"page-numbers\" href=\"https:\/\/zadducarnet.org\/index.php\/wp-json\/wp\/v2\/pages\/1545\/page\/4\/\">4<\/a>\n<a class=\"page-numbers\" href=\"https:\/\/zadducarnet.org\/index.php\/wp-json\/wp\/v2\/pages\/1545\/page\/5\/\">5<\/a>\n<a class=\"page-numbers\" href=\"https:\/\/zadducarnet.org\/index.php\/wp-json\/wp\/v2\/pages\/1545\/page\/6\/\">6<\/a>\n<a class=\"next page-numbers\" href=\"https:\/\/zadducarnet.org\/index.php\/wp-json\/wp\/v2\/pages\/1545\/page\/2\/\">Next \u00bb<\/a>\t\t\t\t\t<\/div>\n\t\t\t\t\t\t\t\t<\/div>\n\t\t\t","protected":false},"excerpt":{"rendered":"","protected":false},"author":5,"featured_media":0,"parent":1481,"menu_order":0,"comment_status":"closed","ping_status":"closed","template":"","meta":{"_uag_custom_page_level_css":"","_mc_calendar":[],"footnotes":""},"class_list":["post-1545","page","type-page","status-publish","hentry"],"uagb_featured_image_src":{"full":false,"thumbnail":false,"medium":false,"medium_large":false,"large":false,"1536x1536":false,"2048x2048":false,"post-thumbnail":false},"uagb_author_info":{"display_name":"zad_du_carnet","author_link":"https:\/\/zadducarnet.org\/index.php\/author\/zad_du_carnet\/"},"uagb_comment_info":0,"uagb_excerpt":null,"_links":{"self":[{"href":"https:\/\/zadducarnet.org\/index.php\/wp-json\/wp\/v2\/pages\/1545","targetHints":{"allow":["GET"]}}],"collection":[{"href":"https:\/\/zadducarnet.org\/index.php\/wp-json\/wp\/v2\/pages"}],"about":[{"href":"https:\/\/zadducarnet.org\/index.php\/wp-json\/wp\/v2\/types\/page"}],"author":[{"embeddable":true,"href":"https:\/\/zadducarnet.org\/index.php\/wp-json\/wp\/v2\/users\/5"}],"replies":[{"embeddable":true,"href":"https:\/\/zadducarnet.org\/index.php\/wp-json\/wp\/v2\/comments?post=1545"}],"version-history":[{"count":2,"href":"https:\/\/zadducarnet.org\/index.php\/wp-json\/wp\/v2\/pages\/1545\/revisions"}],"predecessor-version":[{"id":1665,"href":"https:\/\/zadducarnet.org\/index.php\/wp-json\/wp\/v2\/pages\/1545\/revisions\/1665"}],"up":[{"embeddable":true,"href":"https:\/\/zadducarnet.org\/index.php\/wp-json\/wp\/v2\/pages\/1481"}],"wp:attachment":[{"href":"https:\/\/zadducarnet.org\/index.php\/wp-json\/wp\/v2\/media?parent=1545"}],"curies":[{"name":"wp","href":"https:\/\/api.w.org\/{rel}","templated":true}]}}