{"id":1310,"date":"2021-01-05T15:18:32","date_gmt":"2021-01-05T14:18:32","guid":{"rendered":"https:\/\/zadducarnet.org\/?page_id=1310"},"modified":"2021-01-13T14:21:41","modified_gmt":"2021-01-13T13:21:41","slug":"guide-pour-les-nouveaux-elles-arrivant-es","status":"publish","type":"page","link":"https:\/\/zadducarnet.org\/index.php\/guide-pour-les-nouveaux-elles-arrivant-es\/","title":{"rendered":"Guide pour les nouveaux.elles arrivant.es"},"content":{"rendered":"\n<h1 class=\"wp-block-heading\">Tu viens d&rsquo;arriver ?<br>Bienvenue !<\/h1>\n\n\n\n<p>Voici quelques infos&#8230;<\/p>\n\n\n\n<p>La ZAD est un lieu de r\u00e9sistance contre la b\u00e9tonisation de 110ha de zone naturelle en vue de l&rsquo;installation d&rsquo;une zone d&rsquo;activit\u00e9 industrielle port\u00e9e par le Grand Port Maritime de Nantes\/Saint-Nazaire. Cette zone de vie occup\u00e9e est une zone de r\u00e9sistance contre ce projet, plus globalement contre le capitalisme et son monde, mais c\u2019est aussi un lieu d&rsquo;exp\u00e9rimentation et d&rsquo;autogestion collective.<\/p>\n\n\n\n<p>Tu es l\u00e9gitime \u00e0 \u00eatre et \u00e0 vivre ici autant que chacun.e d&rsquo;entre nous.<\/p>\n\n\n\n<p>L&rsquo;autogestion, cela signifie que nous sommes individuellement et collectivement responsables de ce qui se passe ici. Les valeurs que nous d\u00e9fendons sont r\u00e9solument anti-capitalistes, anti-sexistes et anti-racistes.<\/p>\n\n\n\n<h2 class=\"wp-block-heading\"><strong>D\u00e9fendre<\/strong><strong> la zone, c&rsquo;est&nbsp;:<\/strong><\/h2>\n\n\n\n<p>&#8211; s\u2019informer sur les tenants et aboutissants du projet. Des documents sont \u00e0 disposition et des r\u00e9unions d\u2019information sont organis\u00e9es de mani\u00e8re r\u00e9guli\u00e8re.<\/p>\n\n\n\n<p>&#8211; se pr\u00e9parer \u00e0 une expulsion. Informe-toi sur les questions l\u00e9gales (voir la <a href=\"https:\/\/zadducarnet.org\/index.php\/venir-nous-rejoindre\/legal-team\/\" data-type=\"URL\" data-id=\"https:\/\/zadducarnet.org\/index.php\/venir-nous-rejoindre\/legal-team\/\">page sur la Legal Team<\/a>). Si tu as des questions, il y a une permanence toutes les semaines (voir en bas de page pour les horaires). Discute avec les copaines des strat\u00e9gies de d\u00e9fense pr\u00e9vues en cas d&rsquo;expulsion. Toutes les \u00e9nergies sont n\u00e9cessaires \u2013 sur zone et proche zone, qu\u2019il s\u2019agisse de d\u00e9fendre les barricades, de r\u00e9sister de mani\u00e8re passive, de g\u00e9rer l\u2019autom\u00e9dia, la logistique ou la nourriture.<\/p>\n\n\n\n<p>&#8211; faire des vigies de nuit (Guitoune, Saule &#8211; de minuit \u00e0 9h, par roulement de 3h en bin\u00f4me)<\/p>\n\n\n\n<p>&#8211; n\u2019h\u00e9site pas \u00e0 aller te balader pour mieux conna\u00eetre les sp\u00e9cificit\u00e9s de l\u2019\u00eele (il y a une course d\u2019orientation autog\u00e9r\u00e9e que tu peux d\u00e9buter quand tu veux, infos dans la cuisine du Vortex, 24 balises \u00e0 retrouver sur la zone&#8230;)<\/p>\n\n\n\n<p>A garder en t\u00eate et \u00e0 diffuser&nbsp;: si le Grand Port reprend possession de l&rsquo;\u00eele, une manifestation de r\u00e9occupation est pr\u00e9vue le 3\u00e8me dimanche suivant l\u2019expulsion.<\/p>\n\n\n\n<h2 class=\"wp-block-heading\"><strong>Le blaz\u2019<\/strong><\/h2>\n\n\n\n<p>Pourquoi un blaz\u2019&nbsp;?<\/p>\n\n\n\n<p>Pour cacher son identit\u00e9, parce que certain.e.s d\u2019entre nous ne doivent pas \u00eatre reconnu.e.s et que le fait que chacun.e utilise un blaz\u2019 prot\u00e8ge ces personnes-l\u00e0 (et peut-\u00eatre toi aussi dans pas longtemps). Pour plus d&rsquo;informations sur l&rsquo;importance de l&rsquo;anonymat, consulte <a href=\"https:\/\/zadducarnet.org\/index.php\/2020\/12\/12\/lanonymat-nous-protege-toustes-relativement\/\" data-type=\"URL\" data-id=\"https:\/\/zadducarnet.org\/index.php\/2020\/12\/12\/lanonymat-nous-protege-toustes-relativement\/\">cet article<\/a>.<\/p>\n\n\n\n<p>Parce que d\u2019une action \u00e0 l\u2019autre, il est int\u00e9ressant de pouvoir changer d\u2019identit\u00e9.<\/p>\n\n\n\n<p>Parce que rendre plus complexe l\u2019identification des personnes \u00e9vite les risques de d\u00e9nonciations \u00e0 court, moyen et long terme. C\u2019est une s\u00e9curit\u00e9 individuelle et collective.<\/p>\n\n\n\n<p>Plus g\u00e9n\u00e9ralement, la ZAD est un lieu avec de nombreux codes militants qui peuvent \u00eatre compliqu\u00e9s \u00e0 appr\u00e9hender quand on d\u00e9barque. N\u2019h\u00e9site pas \u00e0 signaler que tu es nouveau ou nouvelle dans ce milieu et les gens se montreront compr\u00e9hensifs.ves et t\u2019aideront \u00e0 t\u2019int\u00e9grer.<\/p>\n\n\n\n<h2 class=\"wp-block-heading\">La vie sur la ZAD<\/h2>\n\n\n\n<h3 class=\"wp-block-heading\"><strong>Autogestion<\/strong><\/h3>\n\n\n\n<p>Si tu trouves que quelque chose devrait \u00eatre fait&nbsp;: fait-le seul.e ou trouve des copaines et faites-le ensemble.<\/p>\n\n\n\n<p>Essayons de garder nos lieux de vies les plus propres et les plus rang\u00e9s possibles, c\u2019est plus cool pour tout le monde. Par exemple l&rsquo;auto-vaisselle, mais aussi des motiv\u2019 r\u00e9guli\u00e8res de nettoyage et rangement.<\/p>\n\n\n\n<h3 class=\"wp-block-heading\"><strong>Eau et nourriture<\/strong><\/h3>\n\n\n\n<p>Il n&rsquo;y a pas d\u2019eau courante, on va chercher l\u2019eau tous les jours. Nous sommes ravitaill\u00e9.e.s par le soutien local, mais aussi par les r\u00e9cup\u2019 du gaspillage alimentaire (besoin de v\u00e9hicules et de bras). Demande aux copaines.<\/p>\n\n\n\n<h3 class=\"wp-block-heading\"><strong>Douches, lessives, \u00e9l\u00e9c\u2019, habits<\/strong><\/h3>\n\n\n\n<p>Un soutien laisse \u00e0 disposition un lieu de vie sur l\u2019un de ses champs \u00e0 3km, o\u00f9 il y a de l\u2019\u00e9lectricit\u00e9. Tu peux y aller \u00e0 pied, \u00e0 v\u00e9lo ou en voiture (des allers\/retours sont fait r\u00e9guli\u00e8rement). Tu y trouveras \u00e9galement une caravane collective pour travailler sur un PC et un endroit pour dormir si tu le souhaites. D\u2019autres soutiens locaux se sont manifest\u00e9s pour qu\u2019on puisse aller prendre des douches, faire des lessives ou dormir au chaud. Demande aux copaines.<\/p>\n\n\n\n<p>Il y a un magasin gratuit sur zone pour r\u00e9cup\u00e9rer des v\u00eatements.<\/p>\n\n\n\n<h3 class=\"wp-block-heading\"><strong>Chantiers<\/strong><\/h3>\n\n\n\n<p>Il y a des chantiers en permanence dans les lieux de vie pour l\u2019am\u00e9lioration de l\u2019existant.<\/p>\n\n\n\n<p>Il y a des plans de r\u00e9cup\u2019 pour le matos de construction, on a toujours besoin de v\u00e9hicules pour aller les chercher.<\/p>\n\n\n\n<p>On a besoin de plus de matos&nbsp;? N\u2019h\u00e9site pas \u00e0 aller en chercher.<\/p>\n\n\n\n<h3 class=\"wp-block-heading\"><strong>Mixit\u00e9 choisie<\/strong><\/h3>\n\n\n\n<p>Une cabane a \u00e9t\u00e9 construite par et d\u00e9di\u00e9e \u00e0 la mixit\u00e9 choisie, sans homme cisgenre. Des r\u00e9unions en mixit\u00e9 choisie ont lieu r\u00e9guli\u00e8rement.<\/p>\n\n\n\n<p>Un homme cisgenre est une personne consid\u00e9r\u00e9e homme d\u00e8s la naissance et qui ne remet pas en cause le fait de se sentir homme.<\/p>\n\n\n\n<h3 class=\"wp-block-heading\"><strong>Oppressions<\/strong><\/h3>\n\n\n\n<p>Ici, on essaye de faire attention \u00e0 ce qu\u2019on appelle les oppressions syst\u00e9miques (classisme, \u00e2gisme, racisme, sexisme, homophobie, transphobie, etc.) Ainsi on \u00e9vite par exemple les blagues ou commentaires qui peuvent offenser des groupes de personnes. Si tu n\u2019as jamais entendu parler de cela, demande \u00e0 des copain.es.<\/p>\n\n\n\n<h3 class=\"wp-block-heading\"><strong>Thunes<\/strong><\/h3>\n\n\n\n<p>L\u2019argent est un outil, mais il n\u2019est pas n\u00e9cessaire pour vivre ici si tu n\u2019en as pas.<\/p>\n\n\n\n<p>Il y a des caisses de thunes collectives g\u00e9r\u00e9es par lieu de vie. Participe si tu veux, si tu peux.<\/p>\n\n\n\n<p>Une collecte est ouverte sur internet. Une partie est mise de c\u00f4t\u00e9 pour l\u2019anti-r\u00e9pression (payer les avocats et frais vari\u00e9s li\u00e9 aux questions l\u00e9gales), le reste est utilis\u00e9 pour rembourser les frais effectu\u00e9s pour la ZAD. Si tu as besoin de te faire rembourser (essence, achats sp\u00e9cifiques d\u2019objets ou matos qui ne pouvaient pas \u00eatre trouv\u00e9s sans thunes), une permanence a lieu toutes les semaines \u2013 \u00e0 laquelle tu es le.la bienvenu.e pour participer \u2013 pour savoir ce que l\u2019on rembourse ou pas.<\/p>\n\n\n\n<h3 class=\"wp-block-heading\"><strong>Autom\u00e9dia<\/strong><\/h3>\n\n\n\n<p>Tu veux \u00e9crire des textes, prendre des photos, faire de la radio&nbsp;? Des permanences autom\u00e9dia ont lieu toutes les semaines pour relire ensemble et valider les publications, r\u00e9fl\u00e9chir aux textes, soutiens, actions en cours, accueil des journalistes, etc. Voir en bas de page pour l&rsquo;horaire de la permanence. Un groupe s\u2019est cr\u00e9\u00e9 autour de la radio de la ZAD. Les gens qui g\u00e8rent les mails, site, r\u00e9seaux sociaux ont besoin de soutien. Si \u00e7a t\u2019int\u00e9resse, dis-le \u00e0 la permanence autom\u00e9dia.<\/p>\n\n\n\n<h3 class=\"wp-block-heading\"><strong>Infos sensibles et t\u00e9l\u00e9phones portables<\/strong><\/h3>\n\n\n\n<p>Certaines infos ne doivent pas \u00eatre partag\u00e9es avec l\u2019ext\u00e9rieur et on ne doit pas communiquer dessus. Certains lieux de vie par exemple. Si tu as un doute sur quelles informations ne doivent pas \u00eatre partag\u00e9es, demande aux copaines.<\/p>\n\n\n\n<p>On ne prend pas en photos des copaines, on n\u2019enregistre pas de sons sans consentement. On ne publie pas sur internet de photos de la ZAD ou des lieux de vie si on n\u2019est pas s\u00fbr \u00e0 100&nbsp;% que c\u2019est sans danger (visages, infos sensibles) Tu veux \u00eatre s\u00fbr.e&nbsp;? Demande \u00e0 la permanence autom\u00e9dia. Il s\u2019agit de notre s\u00e9curit\u00e9 collective&nbsp;!<\/p>\n\n\n\n<p>Les t\u00e9l\u00e9phones sont des mouchards, ils informent en permanence ton op\u00e9rateur mobile (et sans doute les keufs) de qui est pr\u00e9sent.e sur la zone. Les services de renseignements ont des outils pour utiliser les t\u00e9l\u00e9phones \u00e0 leur guise. Fait attention \u00e0 ce que tu dis au t\u00e9l\u00e9phone et \u00e0 ce qui est dis autour de toi quand des t\u00e9l\u00e9phones sont \u00e0 proximit\u00e9. Limite son usage, ne le garde pas sur toi tout le temps. Des copaines ont des connaissances pour rendre plus complexe la prise d\u2019info via les t\u00e9l\u00e9phones. Des sessions de partage de connaissances peuvent \u00eatre organis\u00e9es, renseigne-toi autour de toi.<\/p>\n\n\n\n<h3 class=\"wp-block-heading\"><strong>L\u2019info entre nous \/ avec l\u2019ext\u00e9rieur<\/strong><\/h3>\n\n\n\n<p>Trix est un groupe de discussion de la ZAD sur Signal, une messagerie chiffr\u00e9e sur t\u00e9l\u00e9phone qui \u00e9quivaut \u00e0 Whatsapp. Pour rejoindre le groupe, demande \u00e0 une personne sur la ZAD qui en est membre de t&rsquo;ajouter.  <\/p>\n\n\n\n<p>Ce groupe est ouvert, on n\u2019y parle pas des sujets sensibles et on \u00e9vite de donner des informations personnelles (pr\u00e9noms notamment) ! <\/p>\n\n\n\n<p><a href=\"https:\/\/www.facebook.com\/Zad-du-Carnet-109363617559849\/\" data-type=\"URL\" data-id=\"https:\/\/www.facebook.com\/Zad-du-Carnet-109363617559849\/\">Page Facebook de la ZAD du Carnet<\/a><a href=\"https:\/\/twitter.com\/zad_du_carnet\"><br>Compte Twitter de la ZAD du Carnet<\/a><br><a href=\"https:\/\/mamot.fr\/@zadducarnet\">Compte Mastodon de la Zad du Carnet<\/a><\/p>\n\n\n\n<p>Il y a aussi un compte Instagram, mais il est mis \u00e0 jour moins r\u00e9guli\u00e8rement.<\/p>\n\n\n\n<p>Si tu souhaites nous aider \u00e0 entretenir et mettre \u00e0 jour r\u00e9guli\u00e8rement ces comptes, n&rsquo;h\u00e9site pas \u00e0 nous le faire savoir !<\/p>\n\n\n\n<p>Envie de partager la cagnotte ? <a href=\"https:\/\/www.cotizup.com\/zadducarnet\">https:\/\/www.cotizup.com\/zadducarnet<\/a><\/p>\n\n\n\n<h3 class=\"wp-block-heading\"><strong>R\u00e9unions, permanences et ateliers r\u00e9guliers <\/strong><\/h3>\n\n\n\n<p>(sauf changements, voir le programme de la semaine au Vortex ou dans les lieux de vie)<\/p>\n\n\n\n<ul class=\"wp-block-list\"><li>Mardi 14h\u00a0: AG<\/li><li>Mercredi 15h-17h\u00a0: Permanence L\u00e9gale<\/li><li>Mercredi 18h\u00a0: Chorale<\/li><li>Jeudi 15h-17h\u00a0: Permanence autom\u00e9dia<\/li><li>Jeudi 17-18h\u00a0: Permanence Tr\u00e9sorerie<\/li><li>Vendredi 18h\u00a0: Chorale<\/li><li>Dimanche 14h\u00a0: Atelier radio<\/li><\/ul>\n\n\n\n<p>Si tu souhaites am\u00e9liorer ce texte ou changer des choses, fais-nous signe sur Trix, envoie-nous un email ou dis-le \u00e0 la permanence autom\u00e9dia !<\/p>\n\n\n\n<div class=\"wp-block-file\"><a href=\"https:\/\/zadducarnet.org\/wp-content\/uploads\/2021\/01\/texte-accueil-arrivants.pdf\">Texte pour les nouveaux\u00b7elles arrivant\u00b7es mis en page<\/a><a href=\"https:\/\/zadducarnet.org\/wp-content\/uploads\/2021\/01\/texte-accueil-arrivants.pdf\" class=\"wp-block-file__button\" download>T\u00e9l\u00e9charger<\/a><\/div>\n","protected":false},"excerpt":{"rendered":"<p>Tu viens d&rsquo;arriver ?Bienvenue ! Voici quelques infos&#8230; La ZAD est un lieu de r\u00e9sistance contre la b\u00e9tonisation de 110ha de zone naturelle en vue de l&rsquo;installation d&rsquo;une zone d&rsquo;activit\u00e9 industrielle port\u00e9e par le Grand Port Maritime de Nantes\/Saint-Nazaire. Cette zone de vie occup\u00e9e est une zone de r\u00e9sistance contre ce projet, plus globalement contre &hellip; <a href=\"https:\/\/zadducarnet.org\/index.php\/guide-pour-les-nouveaux-elles-arrivant-es\/\" class=\"more-link\">Continuer la lecture de <span class=\"screen-reader-text\">Guide pour les nouveaux.elles arrivant.es<\/span> <span class=\"meta-nav\">&rarr;<\/span><\/a><\/p>\n","protected":false},"author":5,"featured_media":0,"parent":0,"menu_order":0,"comment_status":"closed","ping_status":"closed","template":"","meta":{"_uag_custom_page_level_css":"","_mc_calendar":[],"footnotes":""},"class_list":["post-1310","page","type-page","status-publish","hentry"],"uagb_featured_image_src":{"full":false,"thumbnail":false,"medium":false,"medium_large":false,"large":false,"1536x1536":false,"2048x2048":false,"post-thumbnail":false},"uagb_author_info":{"display_name":"zad_du_carnet","author_link":"https:\/\/zadducarnet.org\/index.php\/author\/zad_du_carnet\/"},"uagb_comment_info":0,"uagb_excerpt":"Tu viens d&rsquo;arriver ?Bienvenue ! Voici quelques infos&#8230; La ZAD est un lieu de r\u00e9sistance contre la b\u00e9tonisation de 110ha de zone naturelle en vue de l&rsquo;installation d&rsquo;une zone d&rsquo;activit\u00e9 industrielle port\u00e9e par le Grand Port Maritime de Nantes\/Saint-Nazaire. Cette zone de vie occup\u00e9e est une zone de r\u00e9sistance contre ce projet, plus globalement contre\u2026","_links":{"self":[{"href":"https:\/\/zadducarnet.org\/index.php\/wp-json\/wp\/v2\/pages\/1310","targetHints":{"allow":["GET"]}}],"collection":[{"href":"https:\/\/zadducarnet.org\/index.php\/wp-json\/wp\/v2\/pages"}],"about":[{"href":"https:\/\/zadducarnet.org\/index.php\/wp-json\/wp\/v2\/types\/page"}],"author":[{"embeddable":true,"href":"https:\/\/zadducarnet.org\/index.php\/wp-json\/wp\/v2\/users\/5"}],"replies":[{"embeddable":true,"href":"https:\/\/zadducarnet.org\/index.php\/wp-json\/wp\/v2\/comments?post=1310"}],"version-history":[{"count":10,"href":"https:\/\/zadducarnet.org\/index.php\/wp-json\/wp\/v2\/pages\/1310\/revisions"}],"predecessor-version":[{"id":1624,"href":"https:\/\/zadducarnet.org\/index.php\/wp-json\/wp\/v2\/pages\/1310\/revisions\/1624"}],"wp:attachment":[{"href":"https:\/\/zadducarnet.org\/index.php\/wp-json\/wp\/v2\/media?parent=1310"}],"curies":[{"name":"wp","href":"https:\/\/api.w.org\/{rel}","templated":true}]}}